{"id":18048,"date":"2023-09-25T11:58:26","date_gmt":"2023-09-25T11:58:26","guid":{"rendered":"https:\/\/autosuministres.com\/?page_id=18048"},"modified":"2023-09-29T09:11:56","modified_gmt":"2023-09-29T09:11:56","slug":"salo-del-caravaning","status":"publish","type":"page","link":"https:\/\/autosuministres.com\/ca\/salo-del-caravaning\/","title":{"rendered":"Salo del Caravaning"},"content":{"rendered":"\t\t<div data-elementor-type=\"wp-page\" data-elementor-id=\"18048\" class=\"elementor elementor-18048\" data-elementor-post-type=\"page\">\n\t\t\t\t<div data-dce-background-image-url=\"https:\/\/autosuministres.com\/wp-content\/uploads\/2023\/09\/foto_capcalera_youtube_R-1.jpg\" class=\"elementor-element elementor-element-abd19e7 e-flex e-con-boxed e-con e-parent\" data-id=\"abd19e7\" data-element_type=\"container\" data-e-type=\"container\" data-settings=\"{&quot;background_background&quot;:&quot;classic&quot;}\">\n\t\t\t\t\t<div class=\"e-con-inner\">\n\t\t\t\t\t<\/div>\n\t\t\t\t<\/div>\n\t\t\t\t<section class=\"elementor-section elementor-top-section elementor-element elementor-element-c570749 elementor-section-full_width elementor-section-height-default elementor-section-height-default\" data-id=\"c570749\" data-element_type=\"section\" data-e-type=\"section\">\n\t\t\t\t\t\t<div class=\"elementor-container elementor-column-gap-default\">\n\t\t\t\t\t<div class=\"elementor-column elementor-col-100 elementor-top-column elementor-element elementor-element-4f214ee\" data-id=\"4f214ee\" data-element_type=\"column\" data-e-type=\"column\">\n\t\t\t<div class=\"elementor-widget-wrap elementor-element-populated\">\n\t\t\t\t<div class=\"elementor-element elementor-element-af01b89 e-flex e-con-boxed e-con e-parent\" data-id=\"af01b89\" data-element_type=\"container\" data-e-type=\"container\">\n\t\t\t\t\t<div class=\"e-con-inner\">\n\t\t\t\t<div class=\"elementor-element elementor-element-21897f7 elementor-widget__width-initial elementor-widget elementor-widget-text-editor\" data-id=\"21897f7\" data-element_type=\"widget\" data-e-type=\"widget\" data-widget_type=\"text-editor.default\">\n\t\t\t\t<div class=\"elementor-widget-container\">\n\t\t\t\t\t\t\t\t\t<h1><b>AutoSuministres Motor ser\u00e0 al Sal\u00f3 Internacional del Carav\u00e0ning 2023<\/b><\/h1>\t\t\t\t\t\t\t\t<\/div>\n\t\t\t\t<\/div>\n\t\t\t\t\t<\/div>\n\t\t\t\t<\/div>\n\t\t\t\t<section class=\"elementor-section elementor-inner-section elementor-element elementor-element-d0550b4 elementor-section-boxed elementor-section-height-default elementor-section-height-default\" data-id=\"d0550b4\" data-element_type=\"section\" data-e-type=\"section\" data-settings=\"{&quot;background_background&quot;:&quot;classic&quot;}\">\n\t\t\t\t\t\t<div class=\"elementor-container elementor-column-gap-default\">\n\t\t\t\t\t<div class=\"elementor-column elementor-col-50 elementor-inner-column elementor-element elementor-element-e99ba16\" data-id=\"e99ba16\" data-element_type=\"column\" data-e-type=\"column\">\n\t\t\t<div class=\"elementor-widget-wrap elementor-element-populated\">\n\t\t\t\t\t\t<div class=\"elementor-element elementor-element-4be7f2e elementor-widget elementor-widget-text-editor\" data-id=\"4be7f2e\" data-element_type=\"widget\" data-e-type=\"widget\" data-widget_type=\"text-editor.default\">\n\t\t\t\t<div class=\"elementor-widget-container\">\n\t\t\t\t\t\t\t\t\t<p><b>Del 7 al 15 d\u2019octubre, AutoSuministres Motor ser\u00e0 al Sal\u00f3 Internacional del Carav\u00e0ning a Barcelona, la fira m\u00e9s important del m\u00f3n del carav\u00e0ning en el nostre pa\u00eds.<\/b><\/p><p><span style=\"font-weight: 400;\">AutoSuministres Motor formar\u00e0 part del Sal\u00f3 Internacional del Carav\u00e0ning durant la segona setmana d\u2019octubre, es tracta d\u2019una fira bianual.<\/span><\/p><p><span style=\"font-weight: 400;\">Enguany, hi presentarem les tres darreres marques que hem incorporat al concessionari: <\/span><b>Carthago, CI i Rapido<\/b><span style=\"font-weight: 400;\">. I tamb\u00e9 hi portarem <\/span><b>Globecar<\/b><span style=\"font-weight: 400;\">, que fabrica campers amb estil, segures, pr\u00e0ctiques i amb una qualitat-preu excepcional.<\/span><\/p><p><span style=\"font-weight: 400;\">A m\u00e9s, al costat del nostre estand hi tindrem <\/span><b>Erwin Hymer Group<\/b><span style=\"font-weight: 400;\"> amb algunes de les marques del grup que continuem representant: Hymer, Laika, Etrusco i Eriba.<\/span><\/p><p><span style=\"font-weight: 400;\">A cada una de les marques <\/span><b>hi haur\u00e0 els nostres assessors comercials<\/b><span style=\"font-weight: 400;\"> per poder atendre totes les visites i solucionar els dubtes que els puguin apar\u00e8ixer.<\/span><\/p><p><span style=\"font-weight: 400;\"> Des d\u2019ASM volem consolidar un <b>ampli ventall de vehicles amb diferents distribucions, preus i necessitats pel client<\/b>,<\/span><\/p>\t\t\t\t\t\t\t\t<\/div>\n\t\t\t\t<\/div>\n\t\t\t\t\t<\/div>\n\t\t<\/div>\n\t\t\t\t<div class=\"elementor-column elementor-col-50 elementor-inner-column elementor-element elementor-element-90deae6\" data-id=\"90deae6\" data-element_type=\"column\" data-e-type=\"column\">\n\t\t\t<div class=\"elementor-widget-wrap elementor-element-populated\">\n\t\t\t\t\t\t<div class=\"elementor-element elementor-element-f86cc24 elementor-widget elementor-widget-text-editor\" data-id=\"f86cc24\" data-element_type=\"widget\" data-e-type=\"widget\" data-widget_type=\"text-editor.default\">\n\t\t\t\t<div class=\"elementor-widget-container\">\n\t\t\t\t\t\t\t\t\t<p><span style=\"font-weight: 400;\">perqu\u00e8 el nostre objectiu sempre ha estat i ser\u00e0 el mateix: aconseguir que el client trobi l\u2019autocaravana, camper o caravana dels seus somnis i pugui gaudir-la durant molts anys. Tamb\u00e9 hi tobaran&nbsp;<b>promocions \u00faniques per l\u2019ocasi\u00f3 i les \u00faltimes novetats!<\/b><\/span><\/p>\n<p><span style=\"font-weight: 400;\">El <\/span><b>nostre estand<\/b><span style=\"font-weight: 400;\"> ser\u00e0 el <\/span><b>n\u00famero 183<\/b><span style=\"font-weight: 400;\"> (just al costat de Carthago) i estar\u00e0 ubicat <\/span><b>al pavell\u00f3 3<\/b><span style=\"font-weight: 400;\">, a continuaci\u00f3 hi haur\u00e0 les marques del grup Hymer, mentre que, la marca <\/span><b>Rapido<\/b><span style=\"font-weight: 400;\">, ser\u00e0 <\/span><b>al pavell\u00f3 4<\/b><span style=\"font-weight: 400;\">.<\/span><\/p>\n<p><b>El Sal\u00f3 Internacional del Carav\u00e0ning celebra la seva 38<\/b><b>a<\/b><b> edici\u00f3<\/b><span style=\"font-weight: 400;\"> amb m\u00e9s de 65.000m2 d\u2019exposici\u00f3, 250 marques, 134 expositors i m\u00e9s de 1.000 models d\u2019autocaravanes i campers. En aquest esdeveniment, hi podem trobar tot el qu\u00e8 est\u00e0 relacionat amb el m\u00f3n dels vehicles recreatius, per\u00f2 tamb\u00e9 tot el que envolta el m\u00f3n del c\u00e0mping, glamping, destinacions i viatges, <\/span><span style=\"font-weight: 400;\">equipament i accessoris, moda esportiva, remolcs, botigues, assegurances, associacions i clubs, serveis especialitzats, mitjans de comunicaci\u00f3&#8230;<\/span><\/p>\n<p><span style=\"font-weight: 400;\">Els esperem, un any m\u00e9s, en el Recinte Gran Via de Barcelona!<\/span><\/p>\t\t\t\t\t\t\t\t<\/div>\n\t\t\t\t<\/div>\n\t\t\t\t\t<\/div>\n\t\t<\/div>\n\t\t\t\t\t<\/div>\n\t\t<\/section>\n\t\t\t\t\t<\/div>\n\t\t<\/div>\n\t\t\t\t\t<\/div>\n\t\t<\/section>\n\t\t<div class=\"elementor-element elementor-element-ebbbcc0 e-flex e-con-boxed e-con e-parent\" data-id=\"ebbbcc0\" data-element_type=\"container\" data-e-type=\"container\">\n\t\t\t\t\t<div class=\"e-con-inner\">\n\t\t\t\t<div class=\"elementor-element elementor-element-23ec2b2 elementor-widget elementor-widget-image\" data-id=\"23ec2b2\" data-element_type=\"widget\" data-e-type=\"widget\" data-widget_type=\"image.default\">\n\t\t\t\t<div class=\"elementor-widget-container\">\n\t\t\t\t\t\t\t\t\t\t\t\t\t\t\t<img decoding=\"async\" src=\"https:\/\/autosuministres.com\/wp-content\/uploads\/2023\/09\/Planol-Salo-del-caravaning-ASM-e1695736430355.jpg\" title=\"Pl\u00e0nol Sal\u00f3 del carav\u00e0ning &#8211; ASM\" alt=\"Pl\u00e0nol Sal\u00f3 del carav\u00e0ning - ASM\" loading=\"lazy\" \/>\t\t\t\t\t\t\t\t\t\t\t\t\t\t\t<\/div>\n\t\t\t\t<\/div>\n\t\t\t\t\t<\/div>\n\t\t\t\t<\/div>\n\t\t\t\t<section class=\"elementor-section elementor-top-section elementor-element elementor-element-64b51b6 elementor-section-full_width elementor-section-height-default elementor-section-height-default\" data-id=\"64b51b6\" data-element_type=\"section\" data-e-type=\"section\">\n\t\t\t\t\t\t<div class=\"elementor-container elementor-column-gap-default\">\n\t\t\t\t\t<div class=\"elementor-column elementor-col-100 elementor-top-column elementor-element elementor-element-702b067\" data-id=\"702b067\" data-element_type=\"column\" data-e-type=\"column\">\n\t\t\t<div class=\"elementor-widget-wrap elementor-element-populated\">\n\t\t\t\t\t\t<div data-dce-title-color=\"#B3B3B3\" class=\"elementor-element elementor-element-81956d2 elementor-widget elementor-widget-heading\" data-id=\"81956d2\" data-element_type=\"widget\" data-e-type=\"widget\" data-widget_type=\"heading.default\">\n\t\t\t\t<div class=\"elementor-widget-container\">\n\t\t\t\t\t<h2 class=\"elementor-heading-title elementor-size-default\">DESTAQUEM\u2026<\/h2>\t\t\t\t<\/div>\n\t\t\t\t<\/div>\n\t\t\t\t<section class=\"elementor-section elementor-inner-section elementor-element elementor-element-a01d9aa elementor-section-height-min-height elementor-section-boxed elementor-section-height-default\" data-id=\"a01d9aa\" data-element_type=\"section\" data-e-type=\"section\">\n\t\t\t\t\t\t<div class=\"elementor-container elementor-column-gap-default\">\n\t\t\t\t\t<div class=\"elementor-column elementor-col-50 elementor-inner-column elementor-element elementor-element-2c6d3e1\" data-id=\"2c6d3e1\" data-element_type=\"column\" data-e-type=\"column\" data-settings=\"{&quot;background_background&quot;:&quot;classic&quot;}\">\n\t\t\t<div class=\"elementor-widget-wrap elementor-element-populated\">\n\t\t\t\t\t\t<div class=\"elementor-element elementor-element-6eb437c elementor-widget elementor-widget-image\" data-id=\"6eb437c\" data-element_type=\"widget\" data-e-type=\"widget\" data-widget_type=\"image.default\">\n\t\t\t\t<div class=\"elementor-widget-container\">\n\t\t\t\t\t\t\t\t\t\t\t\t\t\t\t<img fetchpriority=\"high\" decoding=\"async\" width=\"2953\" height=\"928\" src=\"https:\/\/autosuministres.com\/wp-content\/uploads\/2023\/09\/Carthago-Ci-i-Rapido-landing-2.png\" class=\"attachment-full size-full wp-image-18074\" alt=\"\" srcset=\"https:\/\/autosuministres.com\/wp-content\/uploads\/2023\/09\/Carthago-Ci-i-Rapido-landing-2.png 2953w, https:\/\/autosuministres.com\/wp-content\/uploads\/2023\/09\/Carthago-Ci-i-Rapido-landing-2-700x220.png 700w, https:\/\/autosuministres.com\/wp-content\/uploads\/2023\/09\/Carthago-Ci-i-Rapido-landing-2-1024x322.png 1024w, https:\/\/autosuministres.com\/wp-content\/uploads\/2023\/09\/Carthago-Ci-i-Rapido-landing-2-768x241.png 768w, https:\/\/autosuministres.com\/wp-content\/uploads\/2023\/09\/Carthago-Ci-i-Rapido-landing-2-1536x483.png 1536w, https:\/\/autosuministres.com\/wp-content\/uploads\/2023\/09\/Carthago-Ci-i-Rapido-landing-2-2048x644.png 2048w\" sizes=\"(max-width: 2953px) 100vw, 2953px\" \/>\t\t\t\t\t\t\t\t\t\t\t\t\t\t\t<\/div>\n\t\t\t\t<\/div>\n\t\t\t\t\t<\/div>\n\t\t<\/div>\n\t\t\t\t<div class=\"elementor-column elementor-col-50 elementor-inner-column elementor-element elementor-element-5d14c83\" data-id=\"5d14c83\" data-element_type=\"column\" data-e-type=\"column\" data-settings=\"{&quot;background_background&quot;:&quot;classic&quot;}\">\n\t\t\t<div class=\"elementor-widget-wrap elementor-element-populated\">\n\t\t\t\t\t\t<div class=\"elementor-element elementor-element-e60445a elementor-widget elementor-widget-heading\" data-id=\"e60445a\" data-element_type=\"widget\" data-e-type=\"widget\" data-widget_type=\"heading.default\">\n\t\t\t\t<div class=\"elementor-widget-container\">\n\t\t\t\t\t<h2 class=\"elementor-heading-title elementor-size-default\">Carthago, Ci &amp; Rapido<\/h2>\t\t\t\t<\/div>\n\t\t\t\t<\/div>\n\t\t\t\t<div class=\"elementor-element elementor-element-3120aa9 elementor-widget__width-initial elementor-widget elementor-widget-text-editor\" data-id=\"3120aa9\" data-element_type=\"widget\" data-e-type=\"widget\" data-widget_type=\"text-editor.default\">\n\t\t\t\t<div class=\"elementor-widget-container\">\n\t\t\t\t\t\t\t\t\t<p>ASM ha incorporat <strong>Carthago, CI &amp; Rapido<\/strong>, tres marques de prestigi que se sumen a les del grup Hymer, i que ja porta anys representant.\u00a0<span style=\"color: var( --e-global-color-text ); background-color: var( --e-global-color-59850c0 );\">Amb aquests nous vehicles, el concessionari aconsegueix m\u00e9s varietat. Descobreixi els nostres models fent <strong><a href=\"https:\/\/autosuministres.com\/autocaravana\/nueva\/\">click aqu\u00ed!<\/a><\/strong><\/span><\/p>\t\t\t\t\t\t\t\t<\/div>\n\t\t\t\t<\/div>\n\t\t\t\t\t<\/div>\n\t\t<\/div>\n\t\t\t\t\t<\/div>\n\t\t<\/section>\n\t\t\t\t<section class=\"elementor-section elementor-inner-section elementor-element elementor-element-6c55233 elementor-section-height-min-height elementor-reverse-mobile elementor-section-boxed elementor-section-height-default\" data-id=\"6c55233\" data-element_type=\"section\" data-e-type=\"section\">\n\t\t\t\t\t\t<div class=\"elementor-container elementor-column-gap-default\">\n\t\t\t\t\t<div class=\"elementor-column elementor-col-50 elementor-inner-column elementor-element elementor-element-8a4b04b\" data-id=\"8a4b04b\" data-element_type=\"column\" data-e-type=\"column\" data-settings=\"{&quot;background_background&quot;:&quot;classic&quot;}\">\n\t\t\t<div class=\"elementor-widget-wrap elementor-element-populated\">\n\t\t\t\t\t\t<div class=\"elementor-element elementor-element-48720d8 elementor-widget elementor-widget-heading\" data-id=\"48720d8\" data-element_type=\"widget\" data-e-type=\"widget\" data-widget_type=\"heading.default\">\n\t\t\t\t<div class=\"elementor-widget-container\">\n\t\t\t\t\t<h2 class=\"elementor-heading-title elementor-size-default\">Campers Globecar<\/h2>\t\t\t\t<\/div>\n\t\t\t\t<\/div>\n\t\t\t\t<div class=\"elementor-element elementor-element-0f325f9 elementor-widget elementor-widget-text-editor\" data-id=\"0f325f9\" data-element_type=\"widget\" data-e-type=\"widget\" data-widget_type=\"text-editor.default\">\n\t\t\t\t<div class=\"elementor-widget-container\">\n\t\t\t\t\t\t\t\t\t<p>Les campers Globecar son <strong>campers modernes, elegants, ben dissenyades i molt pr\u00e0ctiques.<\/strong> Amb tots els serveis d&#8217;una autocaravana per\u00f2 amb la conducci\u00f3 d&#8217;un turisme. Ressalten pels seus <strong>preus competitius.<\/strong> En vol m\u00e9s informaci\u00f3? Visiti les nostres <strong><a href=\"https:\/\/autosuministres.com\/camper\/nueva\/\">Globecar aqu\u00ed!\u00a0<\/a><\/strong><\/p>\t\t\t\t\t\t\t\t<\/div>\n\t\t\t\t<\/div>\n\t\t\t\t\t<\/div>\n\t\t<\/div>\n\t\t\t\t<div class=\"elementor-column elementor-col-50 elementor-inner-column elementor-element elementor-element-d38b590\" data-id=\"d38b590\" data-element_type=\"column\" data-e-type=\"column\" data-settings=\"{&quot;background_background&quot;:&quot;classic&quot;}\">\n\t\t\t<div class=\"elementor-widget-wrap elementor-element-populated\">\n\t\t\t\t\t\t<div class=\"elementor-element elementor-element-06e4137 elementor-widget elementor-widget-image\" data-id=\"06e4137\" data-element_type=\"widget\" data-e-type=\"widget\" data-widget_type=\"image.default\">\n\t\t\t\t<div class=\"elementor-widget-container\">\n\t\t\t\t\t\t\t\t\t\t\t\t\t\t\t<img decoding=\"async\" src=\"https:\/\/autosuministres.com\/wp-content\/uploads\/elementor\/thumbs\/Globecars-Landing-ASM-e1695736245941-qczdij3p3o6pxvtegf2pupt5uz7rtaxecyw78homlk.png\" title=\"Globecars Landing ASM\" alt=\"Globecars Landing ASM\" loading=\"lazy\" \/>\t\t\t\t\t\t\t\t\t\t\t\t\t\t\t<\/div>\n\t\t\t\t<\/div>\n\t\t\t\t\t<\/div>\n\t\t<\/div>\n\t\t\t\t\t<\/div>\n\t\t<\/section>\n\t\t\t\t<section class=\"elementor-section elementor-inner-section elementor-element elementor-element-7758005 elementor-section-height-min-height elementor-section-boxed elementor-section-height-default\" data-id=\"7758005\" data-element_type=\"section\" data-e-type=\"section\">\n\t\t\t\t\t\t<div class=\"elementor-container elementor-column-gap-default\">\n\t\t\t\t\t<div class=\"elementor-column elementor-col-50 elementor-inner-column elementor-element elementor-element-36b06a4\" data-id=\"36b06a4\" data-element_type=\"column\" data-e-type=\"column\" data-settings=\"{&quot;background_background&quot;:&quot;classic&quot;}\">\n\t\t\t<div class=\"elementor-widget-wrap elementor-element-populated\">\n\t\t\t\t\t\t<div class=\"elementor-element elementor-element-7d805c7 elementor-widget elementor-widget-image\" data-id=\"7d805c7\" data-element_type=\"widget\" data-e-type=\"widget\" data-widget_type=\"image.default\">\n\t\t\t\t<div class=\"elementor-widget-container\">\n\t\t\t\t\t\t\t\t\t\t\t\t\t\t\t<img decoding=\"async\" src=\"https:\/\/autosuministres.com\/wp-content\/uploads\/elementor\/thumbs\/green-1-qcxi44hysyv5my54y0uxo7ttx1iaju0nfpqaiujsas.png\" title=\"_green (1)\" alt=\"_green (1)\" loading=\"lazy\" \/>\t\t\t\t\t\t\t\t\t\t\t\t\t\t\t<\/div>\n\t\t\t\t<\/div>\n\t\t\t\t\t<\/div>\n\t\t<\/div>\n\t\t\t\t<div class=\"elementor-column elementor-col-50 elementor-inner-column elementor-element elementor-element-0ffb7e8\" data-id=\"0ffb7e8\" data-element_type=\"column\" data-e-type=\"column\" data-settings=\"{&quot;background_background&quot;:&quot;classic&quot;}\">\n\t\t\t<div class=\"elementor-widget-wrap elementor-element-populated\">\n\t\t\t\t\t\t<div class=\"elementor-element elementor-element-486d7c7 elementor-widget elementor-widget-heading\" data-id=\"486d7c7\" data-element_type=\"widget\" data-e-type=\"widget\" data-widget_type=\"heading.default\">\n\t\t\t\t<div class=\"elementor-widget-container\">\n\t\t\t\t\t<h2 class=\"elementor-heading-title elementor-size-default\">Promocions i descomptes excepcionals!<\/h2>\t\t\t\t<\/div>\n\t\t\t\t<\/div>\n\t\t\t\t<div class=\"elementor-element elementor-element-c3b78d0 elementor-widget elementor-widget-text-editor\" data-id=\"c3b78d0\" data-element_type=\"widget\" data-e-type=\"widget\" data-widget_type=\"text-editor.default\">\n\t\t\t\t<div class=\"elementor-widget-container\">\n\t\t\t\t\t\t\t\t\t<p>ASM assistir\u00e0 al <strong>Sal\u00f3 Internacional del Carav\u00e0ning de Barcelona<\/strong> amb promocions i descomptes especials per l&#8217;ocasi\u00f3! Hi podr\u00e0 trobar els <strong>\u00faltims models del 2023 amb preus excepcionals<\/strong>. Vol saber quins son? Vingui a visitar-nos!<\/p>\t\t\t\t\t\t\t\t<\/div>\n\t\t\t\t<\/div>\n\t\t\t\t\t<\/div>\n\t\t<\/div>\n\t\t\t\t\t<\/div>\n\t\t<\/section>\n\t\t\t\t\t<\/div>\n\t\t<\/div>\n\t\t\t\t\t<\/div>\n\t\t<\/section>\n\t\t\t\t<section class=\"elementor-section elementor-top-section elementor-element elementor-element-0e13e74 elementor-section-boxed elementor-section-height-default elementor-section-height-default\" data-id=\"0e13e74\" data-element_type=\"section\" data-e-type=\"section\">\n\t\t\t\t\t\t<div class=\"elementor-container elementor-column-gap-default\">\n\t\t\t\t\t<div class=\"elementor-column elementor-col-50 elementor-top-column elementor-element elementor-element-6162e15\" data-id=\"6162e15\" data-element_type=\"column\" data-e-type=\"column\">\n\t\t\t<div class=\"elementor-widget-wrap elementor-element-populated\">\n\t\t\t\t\t\t<div class=\"elementor-element elementor-element-812f29d elementor-widget elementor-widget-heading\" data-id=\"812f29d\" data-element_type=\"widget\" data-e-type=\"widget\" data-widget_type=\"heading.default\">\n\t\t\t\t<div class=\"elementor-widget-container\">\n\t\t\t\t\t<h3 class=\"elementor-heading-title elementor-size-default\">COM ARRIBAR-HI?<\/h3>\t\t\t\t<\/div>\n\t\t\t\t<\/div>\n\t\t\t\t<div class=\"elementor-element elementor-element-4e2b9b5 elementor-widget elementor-widget-google_maps\" data-id=\"4e2b9b5\" data-element_type=\"widget\" data-e-type=\"widget\" data-widget_type=\"google_maps.default\">\n\t\t\t\t<div class=\"elementor-widget-container\">\n\t\t\t\t\t\t\t<div class=\"elementor-custom-embed\">\n\t\t\t<iframe loading=\"lazy\"\n\t\t\t\t\tsrc=\"https:\/\/maps.google.com\/maps?q=fira%20barcelona%20gran%20via&#038;t=m&#038;z=12&#038;output=embed&#038;iwloc=near\"\n\t\t\t\t\ttitle=\"fira barcelona gran via\"\n\t\t\t\t\taria-label=\"fira barcelona gran via\"\n\t\t\t><\/iframe>\n\t\t<\/div>\n\t\t\t\t\t\t<\/div>\n\t\t\t\t<\/div>\n\t\t\t\t\t<\/div>\n\t\t<\/div>\n\t\t\t\t<div class=\"elementor-column elementor-col-50 elementor-top-column elementor-element elementor-element-1e7a59a\" data-id=\"1e7a59a\" data-element_type=\"column\" data-e-type=\"column\">\n\t\t\t<div class=\"elementor-widget-wrap elementor-element-populated\">\n\t\t\t\t\t\t<div class=\"elementor-element elementor-element-7da78f2 elementor-widget__width-initial elementor-widget elementor-widget-image\" data-id=\"7da78f2\" data-element_type=\"widget\" data-e-type=\"widget\" data-widget_type=\"image.default\">\n\t\t\t\t<div class=\"elementor-widget-container\">\n\t\t\t\t\t\t\t\t\t\t\t\t\t\t\t<img decoding=\"async\" src=\"https:\/\/autosuministres.com\/wp-content\/uploads\/elementor\/thumbs\/grey-placeholder-qcxncqrykkr862doh2rxj97ngzromn3kt3yu0wagl0.png\" title=\"grey placeholder\" alt=\"grey placeholder\" loading=\"lazy\" \/>\t\t\t\t\t\t\t\t\t\t\t\t\t\t\t<\/div>\n\t\t\t\t<\/div>\n\t\t\t\t<div class=\"elementor-element elementor-element-3d783ad elementor-widget__width-initial elementor-widget elementor-widget-heading\" data-id=\"3d783ad\" data-element_type=\"widget\" data-e-type=\"widget\" data-widget_type=\"heading.default\">\n\t\t\t\t<div class=\"elementor-widget-container\">\n\t\t\t\t\t<h2 class=\"elementor-heading-title elementor-size-default\">UBICACI\u00d3:<\/h2>\t\t\t\t<\/div>\n\t\t\t\t<\/div>\n\t\t\t\t<div class=\"elementor-element elementor-element-70c814a elementor-widget__width-initial elementor-widget elementor-widget-text-editor\" data-id=\"70c814a\" data-element_type=\"widget\" data-e-type=\"widget\" data-widget_type=\"text-editor.default\">\n\t\t\t\t<div class=\"elementor-widget-container\">\n\t\t\t\t\t\t\t\t\t<p><strong>Recinte Gran Via, Pavell\u00f3 3, 4 i 5 Barcelona<\/strong><\/p>\n<p>Acc\u00e9s per Carrer Bot\u00e0nica 08908 L\u2019Hospitalet de Llobregat, Barcelona<\/p>\t\t\t\t\t\t\t\t<\/div>\n\t\t\t\t<\/div>\n\t\t<div class=\"elementor-element elementor-element-7f71790 e-flex e-con-boxed e-con e-parent\" data-id=\"7f71790\" data-element_type=\"container\" data-e-type=\"container\">\n\t\t\t\t\t<div class=\"e-con-inner\">\n\t\t\t\t<div class=\"elementor-element elementor-element-1222c22 elementor-widget__width-initial elementor-widget elementor-widget-image\" data-id=\"1222c22\" data-element_type=\"widget\" data-e-type=\"widget\" data-widget_type=\"image.default\">\n\t\t\t\t<div class=\"elementor-widget-container\">\n\t\t\t\t\t\t\t\t\t\t\t\t\t\t\t<img decoding=\"async\" src=\"https:\/\/autosuministres.com\/wp-content\/uploads\/elementor\/thumbs\/grey-calendar-qcxncowa6woniuges1yoe9oqa80y78w44unv2cd8xg.png\" title=\"grey calendar\" alt=\"grey calendar\" loading=\"lazy\" \/>\t\t\t\t\t\t\t\t\t\t\t\t\t\t\t<\/div>\n\t\t\t\t<\/div>\n\t\t\t\t<div class=\"elementor-element elementor-element-18e1e06 elementor-widget__width-initial elementor-widget elementor-widget-heading\" data-id=\"18e1e06\" data-element_type=\"widget\" data-e-type=\"widget\" data-widget_type=\"heading.default\">\n\t\t\t\t<div class=\"elementor-widget-container\">\n\t\t\t\t\t<h2 class=\"elementor-heading-title elementor-size-default\">HORARI:<\/h2>\t\t\t\t<\/div>\n\t\t\t\t<\/div>\n\t\t\t\t\t<\/div>\n\t\t\t\t<\/div>\n\t\t\t\t<div class=\"elementor-element elementor-element-fa1fcdc elementor-widget elementor-widget-text-editor\" data-id=\"fa1fcdc\" data-element_type=\"widget\" data-e-type=\"widget\" data-widget_type=\"text-editor.default\">\n\t\t\t\t<div class=\"elementor-widget-container\">\n\t\t\t\t\t\t\t\t\t<p><strong>Laborals:<\/strong> 11:00\u202fh a 19:00\u202fh<\/p><p><strong>Caps de setmana i festius:<\/strong> 10:00\u202fh a 20:00\u202fh<\/p><p><strong>Diumenge 15:<\/strong> 10:00\u202fh a 19:00\u202fh<\/p>\t\t\t\t\t\t\t\t<\/div>\n\t\t\t\t<\/div>\n\t\t\t\t\t<\/div>\n\t\t<\/div>\n\t\t\t\t\t<\/div>\n\t\t<\/section>\n\t\t\t\t<section class=\"elementor-section elementor-top-section elementor-element elementor-element-8e007d6 elementor-section-boxed elementor-section-height-default elementor-section-height-default\" data-id=\"8e007d6\" data-element_type=\"section\" data-e-type=\"section\">\n\t\t\t\t\t\t<div class=\"elementor-container elementor-column-gap-default\">\n\t\t\t\t\t<div class=\"elementor-column elementor-col-100 elementor-top-column elementor-element elementor-element-ca47681\" data-id=\"ca47681\" data-element_type=\"column\" data-e-type=\"column\">\n\t\t\t<div class=\"elementor-widget-wrap elementor-element-populated\">\n\t\t\t\t\t\t<div class=\"elementor-element elementor-element-6ea00d4 elementor-align-center elementor-widget elementor-widget-button\" data-id=\"6ea00d4\" data-element_type=\"widget\" data-e-type=\"widget\" data-widget_type=\"button.default\">\n\t\t\t\t<div class=\"elementor-widget-container\">\n\t\t\t\t\t\t\t\t\t<div class=\"elementor-button-wrapper\">\n\t\t\t\t\t<a class=\"elementor-button elementor-button-link elementor-size-sm\" href=\"#elementor-action%3Aaction%3Dpopup%3Aopen%26settings%3DeyJpZCI6MTAwNzMsInRvZ2dsZSI6ZmFsc2V9\">\n\t\t\t\t\t\t<span class=\"elementor-button-content-wrapper\">\n\t\t\t\t\t\t\t\t\t<span class=\"elementor-button-text\">MES INFORMACI\u00d3<\/span>\n\t\t\t\t\t<\/span>\n\t\t\t\t\t<\/a>\n\t\t\t\t<\/div>\n\t\t\t\t\t\t\t\t<\/div>\n\t\t\t\t<\/div>\n\t\t\t\t\t<\/div>\n\t\t<\/div>\n\t\t\t\t\t<\/div>\n\t\t<\/section>\n\t\t<div class=\"elementor-element elementor-element-735c8f8 e-flex e-con-boxed e-con e-parent\" data-id=\"735c8f8\" data-element_type=\"container\" data-e-type=\"container\">\n\t\t\t\t\t<div class=\"e-con-inner\">\n\t\t\t\t\t<\/div>\n\t\t\t\t<\/div>\n\t\t\t\t<\/div>\n\t\t","protected":false},"excerpt":{"rendered":"<p>AutoSuministres Motor ser\u00e0 al Sal\u00f3 Internacional del Carav\u00e0ning 2023 Del 7 al 15 d\u2019octubre, AutoSuministres Motor ser\u00e0 al Sal\u00f3 Internacional del Carav\u00e0ning a Barcelona, la fira m\u00e9s important del m\u00f3n del carav\u00e0ning en el nostre pa\u00eds. AutoSuministres Motor formar\u00e0 part del Sal\u00f3 Internacional del Carav\u00e0ning durant la segona setmana d\u2019octubre, es tracta d\u2019una fira bianual. [&hellip;]<\/p>\n","protected":false},"author":1,"featured_media":0,"parent":0,"menu_order":0,"comment_status":"closed","ping_status":"closed","template":"","meta":{"footnotes":""},"class_list":["post-18048","page","type-page","status-publish","hentry"],"_links":{"self":[{"href":"https:\/\/autosuministres.com\/ca\/wp-json\/wp\/v2\/pages\/18048","targetHints":{"allow":["GET"]}}],"collection":[{"href":"https:\/\/autosuministres.com\/ca\/wp-json\/wp\/v2\/pages"}],"about":[{"href":"https:\/\/autosuministres.com\/ca\/wp-json\/wp\/v2\/types\/page"}],"author":[{"embeddable":true,"href":"https:\/\/autosuministres.com\/ca\/wp-json\/wp\/v2\/users\/1"}],"replies":[{"embeddable":true,"href":"https:\/\/autosuministres.com\/ca\/wp-json\/wp\/v2\/comments?post=18048"}],"version-history":[{"count":5,"href":"https:\/\/autosuministres.com\/ca\/wp-json\/wp\/v2\/pages\/18048\/revisions"}],"predecessor-version":[{"id":18400,"href":"https:\/\/autosuministres.com\/ca\/wp-json\/wp\/v2\/pages\/18048\/revisions\/18400"}],"wp:attachment":[{"href":"https:\/\/autosuministres.com\/ca\/wp-json\/wp\/v2\/media?parent=18048"}],"curies":[{"name":"wp","href":"https:\/\/api.w.org\/{rel}","templated":true}]}}