{"id":11093,"date":"2022-10-28T10:30:31","date_gmt":"2022-10-28T10:30:31","guid":{"rendered":"https:\/\/autosuministres.com\/jornada-de-puertas-abiertas\/"},"modified":"2026-02-24T11:25:01","modified_gmt":"2026-02-24T11:25:01","slug":"jornada-de-portes-obertes","status":"publish","type":"page","link":"https:\/\/autosuministres.com\/ca\/jornada-de-portes-obertes\/","title":{"rendered":"JORNADA DE PORTES OBERTES"},"content":{"rendered":"\t\t<div data-elementor-type=\"wp-page\" data-elementor-id=\"11093\" class=\"elementor elementor-11093 elementor-11052\" data-elementor-post-type=\"page\">\n\t\t\t\t<div class=\"elementor-element elementor-element-11e36c7 e-flex e-con-boxed e-con e-parent\" data-id=\"11e36c7\" data-element_type=\"container\" data-e-type=\"container\">\n\t\t\t\t\t<div class=\"e-con-inner\">\n\t\t\t\t<div class=\"elementor-element elementor-element-44637c2 elementor-widget elementor-widget-image\" data-id=\"44637c2\" data-element_type=\"widget\" data-e-type=\"widget\" data-widget_type=\"image.default\">\n\t\t\t\t<div class=\"elementor-widget-container\">\n\t\t\t\t\t\t\t\t\t\t\t\t\t\t\t<img fetchpriority=\"high\" decoding=\"async\" width=\"800\" height=\"450\" src=\"https:\/\/autosuministres.com\/wp-content\/uploads\/2026\/02\/FERIA-CARAVANING-50-ANYS-kyros-1-1024x576.jpg\" class=\"attachment-large size-large wp-image-47145\" alt=\"\" srcset=\"https:\/\/autosuministres.com\/wp-content\/uploads\/2026\/02\/FERIA-CARAVANING-50-ANYS-kyros-1-1024x576.jpg 1024w, https:\/\/autosuministres.com\/wp-content\/uploads\/2026\/02\/FERIA-CARAVANING-50-ANYS-kyros-1-700x394.jpg 700w, https:\/\/autosuministres.com\/wp-content\/uploads\/2026\/02\/FERIA-CARAVANING-50-ANYS-kyros-1-768x432.jpg 768w, https:\/\/autosuministres.com\/wp-content\/uploads\/2026\/02\/FERIA-CARAVANING-50-ANYS-kyros-1-1536x864.jpg 1536w, https:\/\/autosuministres.com\/wp-content\/uploads\/2026\/02\/FERIA-CARAVANING-50-ANYS-kyros-1.jpg 1920w\" sizes=\"(max-width: 800px) 100vw, 800px\" \/>\t\t\t\t\t\t\t\t\t\t\t\t\t\t\t<\/div>\n\t\t\t\t<\/div>\n\t\t\t\t\t<\/div>\n\t\t\t\t<\/div>\n\t\t<div class=\"elementor-element elementor-element-900c4e8 e-flex e-con-boxed e-con e-parent\" data-id=\"900c4e8\" data-element_type=\"container\" data-e-type=\"container\">\n\t\t\t\t\t<div class=\"e-con-inner\">\n\t\t\t\t<div class=\"elementor-element elementor-element-3056090 elementor-widget-divider--view-line elementor-widget elementor-widget-divider\" data-id=\"3056090\" data-element_type=\"widget\" data-e-type=\"widget\" data-widget_type=\"divider.default\">\n\t\t\t\t<div class=\"elementor-widget-container\">\n\t\t\t\t\t\t\t<div class=\"elementor-divider\">\n\t\t\t<span class=\"elementor-divider-separator\">\n\t\t\t\t\t\t<\/span>\n\t\t<\/div>\n\t\t\t\t\t\t<\/div>\n\t\t\t\t<\/div>\n\t\t\t\t<div class=\"elementor-element elementor-element-7034609 elementor-widget elementor-widget-heading\" data-id=\"7034609\" data-element_type=\"widget\" data-e-type=\"widget\" data-widget_type=\"heading.default\">\n\t\t\t\t<div class=\"elementor-widget-container\">\n\t\t\t\t\t<h2 class=\"elementor-heading-title elementor-size-default\">50 anys rodant en el m\u00f3n del caravaning mereixen unes portes obertes a un altre nivell. Veuen a celebrar-ho amb nosaltres, que no t'ho expliquin. <\/h2>\t\t\t\t<\/div>\n\t\t\t\t<\/div>\n\t\t\t\t\t<\/div>\n\t\t\t\t<\/div>\n\t\t<div class=\"elementor-element elementor-element-00dccf5 e-flex e-con-boxed e-con e-parent\" data-id=\"00dccf5\" data-element_type=\"container\" data-e-type=\"container\">\n\t\t\t\t\t<div class=\"e-con-inner\">\n\t\t\t\t<div class=\"elementor-element elementor-element-09b800a elementor-widget elementor-widget-heading\" data-id=\"09b800a\" data-element_type=\"widget\" data-e-type=\"widget\" data-widget_type=\"heading.default\">\n\t\t\t\t<div class=\"elementor-widget-container\">\n\t\t\t\t\t<h2 class=\"elementor-heading-title elementor-size-default\">Per qu\u00e8 venir?<\/h2>\t\t\t\t<\/div>\n\t\t\t\t<\/div>\n\t\t<div class=\"elementor-element elementor-element-cf43edd e-con-full e-flex e-con e-child\" data-id=\"cf43edd\" data-element_type=\"container\" data-e-type=\"container\">\n\t\t<div class=\"elementor-element elementor-element-4ea2060 e-con-full e-flex e-con e-child\" data-id=\"4ea2060\" data-element_type=\"container\" data-e-type=\"container\">\n\t\t\t\t<div class=\"elementor-element elementor-element-dfe4351 elementor-widget elementor-widget-heading\" data-id=\"dfe4351\" data-element_type=\"widget\" data-e-type=\"widget\" data-widget_type=\"heading.default\">\n\t\t\t\t<div class=\"elementor-widget-container\">\n\t\t\t\t\t<h2 class=\"elementor-heading-title elementor-size-default\">Com molts ja sabeu, som la fira permanent del caravaning. M\u00e9s de 10.000 m\u00b2 per a descobrir per dins totes les distribucions, grand\u00e0ries i models d'autocaravanes, campers i caravanes de 12 marques l\u00edders del mercat. <\/h2>\t\t\t\t<\/div>\n\t\t\t\t<\/div>\n\t\t\t\t<div class=\"elementor-element elementor-element-c00494a elementor-widget elementor-widget-text-editor\" data-id=\"c00494a\" data-element_type=\"widget\" data-e-type=\"widget\" data-widget_type=\"text-editor.default\">\n\t\t\t\t<div class=\"elementor-widget-container\">\n\t\t\t\t\t\t\t\t\t<p data-start=\"77\" data-end=\"142\"><strong data-start=\"77\" data-end=\"142\">Si aix\u00f2 no \u00e9s suficient, aqu\u00ed tens m\u00e9s raons per a venir:<\/strong><\/p><ul><li data-start=\"146\" data-end=\"191\">Descomptes especials en vehicles en estoc<\/li><li data-start=\"146\" data-end=\"191\">Sortejos en directe<\/li><li data-start=\"146\" data-end=\"191\">Pack 50 aniversari per a totes les compres realitzades durant les portes obertes<\/li><li data-start=\"146\" data-end=\"191\">P\u00e0rquing gratu\u00eft<\/li><li data-start=\"146\" data-end=\"191\">Entrada gratu\u00efta<\/li><li data-start=\"146\" data-end=\"191\">Pet friendly<\/li><\/ul>\t\t\t\t\t\t\t\t<\/div>\n\t\t\t\t<\/div>\n\t\t\t\t<\/div>\n\t\t<div class=\"elementor-element elementor-element-3686fc5 e-con-full e-flex e-con e-child\" data-id=\"3686fc5\" data-element_type=\"container\" data-e-type=\"container\">\n\t\t\t\t<div class=\"elementor-element elementor-element-7b9f2d0 elementor-widget elementor-widget-image\" data-id=\"7b9f2d0\" data-element_type=\"widget\" data-e-type=\"widget\" data-widget_type=\"image.default\">\n\t\t\t\t<div class=\"elementor-widget-container\">\n\t\t\t\t\t\t\t\t\t\t\t\t\t\t\t<img decoding=\"async\" width=\"576\" height=\"1024\" src=\"https:\/\/autosuministres.com\/wp-content\/uploads\/2026\/02\/ROLL-UP-DESIGN-NB-50-ANYS-02-576x1024.jpg\" class=\"attachment-large size-large wp-image-47127\" alt=\"\" srcset=\"https:\/\/autosuministres.com\/wp-content\/uploads\/2026\/02\/ROLL-UP-DESIGN-NB-50-ANYS-02-576x1024.jpg 576w, https:\/\/autosuministres.com\/wp-content\/uploads\/2026\/02\/ROLL-UP-DESIGN-NB-50-ANYS-02-394x700.jpg 394w, https:\/\/autosuministres.com\/wp-content\/uploads\/2026\/02\/ROLL-UP-DESIGN-NB-50-ANYS-02-768x1365.jpg 768w, https:\/\/autosuministres.com\/wp-content\/uploads\/2026\/02\/ROLL-UP-DESIGN-NB-50-ANYS-02-864x1536.jpg 864w, https:\/\/autosuministres.com\/wp-content\/uploads\/2026\/02\/ROLL-UP-DESIGN-NB-50-ANYS-02.jpg 1080w\" sizes=\"(max-width: 576px) 100vw, 576px\" \/>\t\t\t\t\t\t\t\t\t\t\t\t\t\t\t<\/div>\n\t\t\t\t<\/div>\n\t\t\t\t<\/div>\n\t\t\t\t<\/div>\n\t\t\t\t\t<\/div>\n\t\t\t\t<\/div>\n\t\t\t\t<section class=\"elementor-section elementor-top-section elementor-element elementor-element-9bb5ceb elementor-section-boxed elementor-section-height-default elementor-section-height-default\" data-id=\"9bb5ceb\" data-element_type=\"section\" data-e-type=\"section\">\n\t\t\t\t\t\t<div class=\"elementor-container elementor-column-gap-default\">\n\t\t\t\t\t<div class=\"elementor-column elementor-col-50 elementor-top-column elementor-element elementor-element-179292a\" data-id=\"179292a\" data-element_type=\"column\" data-e-type=\"column\">\n\t\t\t<div class=\"elementor-widget-wrap elementor-element-populated\">\n\t\t\t\t\t\t<div class=\"elementor-element elementor-element-d0c49b5 elementor-widget elementor-widget-heading\" data-id=\"d0c49b5\" data-element_type=\"widget\" data-e-type=\"widget\" data-widget_type=\"heading.default\">\n\t\t\t\t<div class=\"elementor-widget-container\">\n\t\t\t\t\t<h2 class=\"elementor-heading-title elementor-size-default\">Com arribar?<\/h2>\t\t\t\t<\/div>\n\t\t\t\t<\/div>\n\t\t\t\t<div class=\"elementor-element elementor-element-df2f93e elementor-widget elementor-widget-google_maps\" data-id=\"df2f93e\" data-element_type=\"widget\" data-e-type=\"widget\" data-widget_type=\"google_maps.default\">\n\t\t\t\t<div class=\"elementor-widget-container\">\n\t\t\t\t\t\t\t<div class=\"elementor-custom-embed\">\n\t\t\t<iframe loading=\"lazy\"\n\t\t\t\t\tsrc=\"https:\/\/maps.google.com\/maps?q=AutoSuministres%20Motor%20-%20Caravanes%2C%20Autocaravanes%20i%20Campers&#038;t=m&#038;z=12&#038;output=embed&#038;iwloc=near\"\n\t\t\t\t\ttitle=\"AutoSuministres Motor - Caravanes, Autocaravanes i Campers\"\n\t\t\t\t\taria-label=\"AutoSuministres Motor - Caravanes, Autocaravanes i Campers\"\n\t\t\t><\/iframe>\n\t\t<\/div>\n\t\t\t\t\t\t<\/div>\n\t\t\t\t<\/div>\n\t\t\t\t\t<\/div>\n\t\t<\/div>\n\t\t\t\t<div class=\"elementor-column elementor-col-50 elementor-top-column elementor-element elementor-element-58ce5ff\" data-id=\"58ce5ff\" data-element_type=\"column\" data-e-type=\"column\">\n\t\t\t<div class=\"elementor-widget-wrap elementor-element-populated\">\n\t\t\t\t\t\t<div class=\"elementor-element elementor-element-7e3bf55 elementor-widget elementor-widget-heading\" data-id=\"7e3bf55\" data-element_type=\"widget\" data-e-type=\"widget\" data-widget_type=\"heading.default\">\n\t\t\t\t<div class=\"elementor-widget-container\">\n\t\t\t\t\t<h2 class=\"elementor-heading-title elementor-size-default\">HORARI:<\/h2>\t\t\t\t<\/div>\n\t\t\t\t<\/div>\n\t\t\t\t<div class=\"elementor-element elementor-element-142bc97 elementor-widget elementor-widget-text-editor\" data-id=\"142bc97\" data-element_type=\"widget\" data-e-type=\"widget\" data-widget_type=\"text-editor.default\">\n\t\t\t\t<div class=\"elementor-widget-container\">\n\t\t\t\t\t\t\t\t\t<p style=\"text-align: center;\"><strong>6 de mar\u00e7:<\/strong><\/p><p style=\"text-align: center;\">9.30 a 13:30 y 15:00 a 19:00<\/p><p style=\"text-align: center;\"><strong>7 de mar\u00e7:<\/strong><\/p><p style=\"text-align: center;\">De 9:30h a 19:00h<\/p><p style=\"text-align: center;\"><strong>8 de mar\u00e7<\/strong><\/p><p style=\"text-align: center;\">De 9:30h a 18:00h<\/p>\t\t\t\t\t\t\t\t<\/div>\n\t\t\t\t<\/div>\n\t\t\t\t\t<\/div>\n\t\t<\/div>\n\t\t\t\t\t<\/div>\n\t\t<\/section>\n\t\t\t\t<section class=\"elementor-section elementor-top-section elementor-element elementor-element-f8bb057 elementor-section-boxed elementor-section-height-default elementor-section-height-default\" data-id=\"f8bb057\" data-element_type=\"section\" data-e-type=\"section\">\n\t\t\t\t\t\t<div class=\"elementor-container elementor-column-gap-default\">\n\t\t\t\t\t<div class=\"elementor-column elementor-col-100 elementor-top-column elementor-element elementor-element-e4079bd\" data-id=\"e4079bd\" data-element_type=\"column\" data-e-type=\"column\">\n\t\t\t<div class=\"elementor-widget-wrap elementor-element-populated\">\n\t\t\t\t\t\t<div class=\"elementor-element elementor-element-6ce797e elementor-widget elementor-widget-text-editor\" data-id=\"6ce797e\" data-element_type=\"widget\" data-e-type=\"widget\" data-widget_type=\"text-editor.default\">\n\t\t\t\t<div class=\"elementor-widget-container\">\n\t\t\t\t\t\t\t\t\t<p>No \u00e9s necessari reservar cita pr\u00e8via. Per\u00f2 si prefereix fer-ho per a evitar esperes, pot telefonar-nos al 93 883 29 27 o escriure&#8217;ns a info@autosuministres.com <\/p>\t\t\t\t\t\t\t\t<\/div>\n\t\t\t\t<\/div>\n\t\t\t\t\t<\/div>\n\t\t<\/div>\n\t\t\t\t\t<\/div>\n\t\t<\/section>\n\t\t\t\t<\/div>\n\t\t","protected":false},"excerpt":{"rendered":"<p>50 anys rodant en el m\u00f3n del caravaning mereixen unes portes obertes a un altre nivell. Veuen a celebrar-ho amb nosaltres, que no t&#8217;ho expliquin. Per qu\u00e8 venir? Com molts ja sabeu, som la fira permanent del caravaning. M\u00e9s de 10.000 m\u00b2 per a descobrir per dins totes les distribucions, grand\u00e0ries i models d&#8217;autocaravanes, campers [&hellip;]<\/p>\n","protected":false},"author":1,"featured_media":0,"parent":0,"menu_order":0,"comment_status":"closed","ping_status":"closed","template":"","meta":{"footnotes":""},"class_list":["post-11093","page","type-page","status-publish","hentry"],"_links":{"self":[{"href":"https:\/\/autosuministres.com\/ca\/wp-json\/wp\/v2\/pages\/11093","targetHints":{"allow":["GET"]}}],"collection":[{"href":"https:\/\/autosuministres.com\/ca\/wp-json\/wp\/v2\/pages"}],"about":[{"href":"https:\/\/autosuministres.com\/ca\/wp-json\/wp\/v2\/types\/page"}],"author":[{"embeddable":true,"href":"https:\/\/autosuministres.com\/ca\/wp-json\/wp\/v2\/users\/1"}],"replies":[{"embeddable":true,"href":"https:\/\/autosuministres.com\/ca\/wp-json\/wp\/v2\/comments?post=11093"}],"version-history":[{"count":2,"href":"https:\/\/autosuministres.com\/ca\/wp-json\/wp\/v2\/pages\/11093\/revisions"}],"predecessor-version":[{"id":47149,"href":"https:\/\/autosuministres.com\/ca\/wp-json\/wp\/v2\/pages\/11093\/revisions\/47149"}],"wp:attachment":[{"href":"https:\/\/autosuministres.com\/ca\/wp-json\/wp\/v2\/media?parent=11093"}],"curies":[{"name":"wp","href":"https:\/\/api.w.org\/{rel}","templated":true}]}}