{"id":10765,"date":"2022-01-19T14:55:54","date_gmt":"2022-01-19T14:55:54","guid":{"rendered":"https:\/\/autosuministres.com\/politica-de-privacidad\/"},"modified":"2023-08-09T10:22:48","modified_gmt":"2023-08-09T10:22:48","slug":"politica-de-privacidad","status":"publish","type":"page","link":"https:\/\/autosuministres.com\/ca\/politica-de-privacidad\/","title":{"rendered":"Pol\u00edtica de privacitat"},"content":{"rendered":"\t\t<div data-elementor-type=\"wp-page\" data-elementor-id=\"10765\" class=\"elementor elementor-10765 elementor-140\" data-elementor-post-type=\"page\">\n\t\t\t\t\t\t<section data-dce-background-color=\"#000000\" class=\"elementor-section elementor-top-section elementor-element elementor-element-18b3ff5 elementor-section-full_width elementor-section-height-default elementor-section-height-default\" data-id=\"18b3ff5\" data-element_type=\"section\" data-e-type=\"section\" data-settings=\"{&quot;background_background&quot;:&quot;classic&quot;}\">\n\t\t\t\t\t\t<div class=\"elementor-container elementor-column-gap-default\">\n\t\t\t\t\t<div class=\"elementor-column elementor-col-100 elementor-top-column elementor-element elementor-element-af8226a\" data-id=\"af8226a\" data-element_type=\"column\" data-e-type=\"column\">\n\t\t\t<div class=\"elementor-widget-wrap elementor-element-populated\">\n\t\t\t\t\t\t<div class=\"elementor-element elementor-element-cd7f7f8 elementor-widget elementor-widget-spacer\" data-id=\"cd7f7f8\" data-element_type=\"widget\" data-e-type=\"widget\" data-widget_type=\"spacer.default\">\n\t\t\t\t<div class=\"elementor-widget-container\">\n\t\t\t\t\t\t\t<div class=\"elementor-spacer\">\n\t\t\t<div class=\"elementor-spacer-inner\"><\/div>\n\t\t<\/div>\n\t\t\t\t\t\t<\/div>\n\t\t\t\t<\/div>\n\t\t\t\t\t<\/div>\n\t\t<\/div>\n\t\t\t\t\t<\/div>\n\t\t<\/section>\n\t\t\t\t<section class=\"elementor-section elementor-top-section elementor-element elementor-element-c6eeb77 elementor-section-boxed elementor-section-height-default elementor-section-height-default\" data-id=\"c6eeb77\" data-element_type=\"section\" data-e-type=\"section\">\n\t\t\t\t\t\t<div class=\"elementor-container elementor-column-gap-default\">\n\t\t\t\t\t<div class=\"elementor-column elementor-col-100 elementor-top-column elementor-element elementor-element-9dd3556\" data-id=\"9dd3556\" data-element_type=\"column\" data-e-type=\"column\">\n\t\t\t<div class=\"elementor-widget-wrap elementor-element-populated\">\n\t\t\t\t\t\t<div class=\"elementor-element elementor-element-9053c19 elementor-widget elementor-widget-heading\" data-id=\"9053c19\" data-element_type=\"widget\" data-e-type=\"widget\" data-widget_type=\"heading.default\">\n\t\t\t\t<div class=\"elementor-widget-container\">\n\t\t\t\t\t<h2 class=\"elementor-heading-title elementor-size-default\">POL\u00cdTICA DE PRIVACITAT\n<\/h2>\t\t\t\t<\/div>\n\t\t\t\t<\/div>\n\t\t\t\t<div class=\"elementor-element elementor-element-f8acb26 elementor-widget elementor-widget-text-editor\" data-id=\"f8acb26\" data-element_type=\"widget\" data-e-type=\"widget\" data-widget_type=\"text-editor.default\">\n\t\t\t\t<div class=\"elementor-widget-container\">\n\t\t\t\t\t\t\t\t\t<div class=\"WordSection1\"><p class=\"MsoBodyText\" style=\"text-align: justify; line-height: 115%; margin: 5.0pt 5.7pt .0001pt 5.0pt;\">AUTOSUMINISTRES MOTOR S.A. informa a continuaci\u00f3 de la seva pol\u00edtica de privadesa aplicada a les dades personals. D\u2019aquesta manera, totes les dades personals que tingui sota la seva responsabilitat seran tractades d\u2019acord amb la Llei 3\/2018 de 5 de desembre, de protecci\u00f3 de dades personals i garantia dels drets digitals, i es guardaran les mesures de seguretat i confidencialitat degudes. La visita del lloc web https:\/\/autosuministres.com\/ca\/ no implica que l\u2019usuari hagi de subministrar cap informaci\u00f3 respecte a la seva identitat, no podent ser associada a un usuari concret per l\u2019empresa. En el sup\u00f2sit que se subministri dades de car\u00e0cter personal, aquestes dades seran recollides i utilitzades d\u2019acord amb les limitacions i els drets recollits a la norma de protecci\u00f3 de dades esmentada. Els usuaris que facilitin dades de car\u00e0cter personal consenten de manera clara, exacta i inequ\u00edvoca aquestes <span style=\"letter-spacing: -.1pt;\">condicions.<\/span><\/p><p class=\"MsoBodyText\" style=\"text-align: justify; line-height: 115%; margin: 5.0pt 5.7pt .0001pt 5.0pt;\"><span style=\"color: var( --e-global-color-text );\">\u00a0<\/span><\/p><p class=\"MsoBodyText\" style=\"text-align: justify; line-height: 115%; margin: 5.0pt 5.7pt .0001pt 5.0pt;\"><b><span style=\"color: var( --e-global-color-text );\">1.<\/span><span style=\"color: var( --e-global-color-text ); font-variant-numeric: normal; font-variant-east-asian: normal; font-stretch: normal; font-size: 7pt; line-height: normal; font-family: 'Times New Roman';\">\u00a0 <\/span><span style=\"color: var( --e-global-color-text );\">Recollida de <\/span><span style=\"color: var( --e-global-color-text ); letter-spacing: -0.1pt;\">dades<\/span><\/b><\/p><p class=\"MsoBodyText\" style=\"text-align: justify; line-height: 115%; margin: 2.25pt 5.75pt .0001pt 5.0pt;\">La recollida de dades de car\u00e0cter personal es realitzar\u00e0 \u00fanica i exclusivament a trav\u00e9s dels formularis publicats a la web i els correus electr\u00f2nics que els usuaris puguin remetre a AUTOSUMINISTRES MOTOR S.A. que seran inclosos en un fitxer automatitzat. Els fitxers titularitat d\u2019AUTOSUMINISTRES MOTOR S.A. figuren inscrits al Registre General de l\u2019Ag\u00e8ncia Espanyola de Protecci\u00f3 de Dades, al qual podr\u00e0 accedir l\u2019usuari o visitant per comprovar-ne la situaci\u00f3. AUTOSUMINISTRES MOTOR S.A. conservar\u00e0 les vostres dades una vegada finalitzada la relaci\u00f3 amb l\u2019usuari per complir les obligacions legals necess\u00e0ries. Alhora, procedir\u00e0 a la cancel\u00b7laci\u00f3 de les dades recollides quan deixin de ser necess\u00e0ries per a la finalitat per a la qual van ser recollides.<\/p><p class=\"MsoBodyText\" style=\"text-align: justify; line-height: 115%; margin: 2.25pt 5.75pt .0001pt 5.0pt;\"><span style=\"color: var( --e-global-color-text );\">\u00a0<\/span><\/p><p class=\"MsoBodyText\" style=\"text-align: justify; line-height: 115%; margin: 2.25pt 5.75pt .0001pt 5.0pt;\"><b><span style=\"color: var( --e-global-color-text );\">2.<\/span><span style=\"color: var( --e-global-color-text ); font-variant-numeric: normal; font-variant-east-asian: normal; font-stretch: normal; font-size: 7pt; line-height: normal; font-family: 'Times New Roman';\">\u00a0 <\/span><span style=\"color: var( --e-global-color-text );\">Seguretat de la <\/span><span style=\"color: var( --e-global-color-text ); letter-spacing: -0.1pt;\">informaci\u00f3<\/span><\/b><\/p><p class=\"MsoBodyText\" style=\"text-align: justify; line-height: 115%; margin: 2.3pt 5.9pt .0001pt 5.0pt;\">AUTOSUMINISTRES MOTOR S.A. ha desenvolupat tots els sistemes i mesures t\u00e8cniques i organitzatives al seu abast, previstes a la normativa de protecci\u00f3 de dades de car\u00e0cter personal per evitar la p\u00e8rdua, mal \u00fas, alteraci\u00f3, acc\u00e9s no autoritzat i sostracci\u00f3 de les dades de car\u00e0cter personal facilitades per l\u2019usuari o visitant. Tot i aix\u00f2, l\u2019usuari o visitant ha de ser conscient que les mesures de seguretat a Internet no s\u00f3n inexpugnables.<\/p><p class=\"MsoBodyText\" style=\"text-align: justify; line-height: 115%; margin: 2.3pt 5.9pt .0001pt 5.0pt;\"><span style=\"color: var( --e-global-color-text );\">\u00a0<\/span><\/p><p class=\"MsoBodyText\" style=\"text-align: justify; line-height: 115%; margin: 2.3pt 5.9pt .0001pt 5.0pt;\"><b><span style=\"color: var( --e-global-color-text );\">3.<\/span><span style=\"color: var( --e-global-color-text ); font-variant-numeric: normal; font-variant-east-asian: normal; font-stretch: normal; font-size: 7pt; line-height: normal; font-family: 'Times New Roman';\">\u00a0 <\/span><span style=\"color: var( --e-global-color-text );\">Confidencialitat i Secret <\/span><span style=\"color: var( --e-global-color-text ); letter-spacing: -0.1pt;\">professional<\/span><\/b><\/p><p class=\"MsoBodyText\" style=\"text-align: justify; line-height: 115%; margin: 2.35pt 5.7pt .0001pt 5.0pt;\">Les comunicacions privades que es puguin donar entre el personal d\u2019AUTOSUMINISTRES MOTOR S.A. i els usuaris o visitants seran considerades com a confidencials. L\u2019acc\u00e9s a aquesta informaci\u00f3 est\u00e0 restringit mitjan\u00e7ant eines tecnol\u00f2giques i mitjan\u00e7ant controls interns <span style=\"letter-spacing: -.1pt;\">estrictes.<\/span><\/p><p class=\"MsoBodyText\" style=\"text-align: justify; line-height: 115%; margin: 2.35pt 5.7pt .0001pt 5.0pt;\"><span style=\"color: var( --e-global-color-text );\">\u00a0<\/span><\/p><p class=\"MsoBodyText\" style=\"text-align: justify; line-height: 115%; margin: 2.35pt 5.7pt .0001pt 5.0pt;\"><b><span style=\"color: var( --e-global-color-text );\">4.<\/span><span style=\"color: var( --e-global-color-text ); font-variant-numeric: normal; font-variant-east-asian: normal; font-stretch: normal; font-size: 7pt; line-height: normal; font-family: 'Times New Roman';\">\u00a0 <\/span><span style=\"color: var( --e-global-color-text );\">Enlla\u00e7os amb altres llocs <\/span><span style=\"color: var( --e-global-color-text ); letter-spacing: -0.2pt;\">web<\/span><\/b><\/p><\/div><p class=\"MsoBodyText\" style=\"text-align: justify; line-height: 115%; margin: 2.3pt 6.05pt .0001pt 5.0pt;\">Aquest lloc web pot contenir enlla\u00e7os o links amb altres llocs. S\u2019informa que AUTOSUMINISTRES MOTOR S.A. no disposa de cap control ni t\u00e9 cap responsabilitat sobre les pol\u00edtiques o mesures de protecci\u00f3 de dades d\u2019altres llocs web.<\/p><p class=\"MsoBodyText\" style=\"text-align: justify; line-height: 115%; margin: 2.3pt 6.05pt .0001pt 5.0pt;\">\u00a0<\/p><p class=\"MsoBodyText\" style=\"margin-top: .05pt;\"><b><span style=\"font-size: 15.5pt;\">\u00a0<\/span><span style=\"color: var( --e-global-color-text );\">5.<\/span><span style=\"color: var( --e-global-color-text ); font-variant-numeric: normal; font-variant-east-asian: normal; font-stretch: normal; font-size: 7pt; line-height: normal; font-family: 'Times New Roman';\">\u00a0 <\/span><span style=\"color: var( --e-global-color-text );\">Drets dels <\/span><span style=\"color: var( --e-global-color-text ); letter-spacing: -0.1pt;\">usuaris<\/span><\/b><\/p><p class=\"MsoBodyText\" style=\"text-align: justify; line-height: 115%; margin: 2.4pt 5.75pt .0001pt 5.0pt;\">L\u2019usuari podr\u00e0 exercir, respecte a les dades obtingudes en la forma prevista, els drets reconeguts per la Llei Org\u00e0nica 3\/2018, de protecci\u00f3 de dades personals i garantia dels drets digitals, i en particular els drets d\u2019acc\u00e9s, rectificaci\u00f3, supressi\u00f3, limitaci\u00f3 del tractament, a la portabilitat i d\u2019oposici\u00f3, si \u00e9s pertinent. Aquests podran ser exercitats per l\u2019usuari, i si escau qui ho representi, mitjan\u00e7ant sol\u00b7licitud tramesa per correu ordinari, signada i acompanyada de fotoc\u00f2pia del DNI, a l\u2019adre\u00e7a de la seu de AUTOSUMINISTRES MOTOR S.A. m\u00e9s amunt. AUTOSUMINISTRES MOTOR S.A. informa que les dades personals demanades, quan hagin deixat de ser necess\u00e0ries o pertinents per a la finalitat per a la qual van ser recollides, seran cancel\u00b7lades conforme estableix la normativa de protecci\u00f3 de dades de car\u00e0cter <span style=\"letter-spacing: -.1pt;\">personal.<\/span><\/p><p class=\"MsoBodyText\" style=\"text-align: justify; line-height: 115%; margin: 2.4pt 5.75pt .0001pt 5.0pt;\"><span style=\"color: var( --e-global-color-text );\">\u00a0<\/span><\/p><p class=\"MsoBodyText\" style=\"text-align: justify; line-height: 115%; margin: 2.4pt 5.75pt .0001pt 5.0pt;\"><b><span style=\"color: var( --e-global-color-text );\">CL\u00c0USULA PER A<\/span><span style=\"color: var( --e-global-color-text ); letter-spacing: -0.1pt;\"> FORMULARIS<\/span><\/b><\/p><p class=\"MsoBodyText\" style=\"text-align: justify; line-height: 115%; margin: 2.4pt 5.75pt .0001pt 5.0pt;\"><span style=\"color: var( --e-global-color-text ); letter-spacing: -0.1pt;\">\u00a0<\/span><\/p><p class=\"MsoBodyText\" style=\"text-align: justify; line-height: 115%; margin: 2.3pt 5.4pt .0001pt 5.0pt;\">La identificaci\u00f3 de l\u2019usuari \u00e9s plena, ja que \u00e9s el mateix usuari qui, volunt\u00e0riament, introdueix les seves dades als nostres formularis. La informaci\u00f3 facilitada per l\u2019usuari ser\u00e0 utilitzada per AUTOSUMINISTRES MOTOR S.A. exclusivament per a les finalitats que s\u2019informin a cada cas. Cadascun dels nostres formularis inclou una cl\u00e0usula espec\u00edfica de privadesa per a la qual l\u2019usuari donar\u00e0 volunt\u00e0riament el seu consentiment al tractament automatitzat de les dades facilitades. AUTOSUMINISTRES MOTOR S.A. ser\u00e0 l\u2019entitat responsable del fitxer generat amb les dades de car\u00e0cter personal subministrades pels usuaris del vostre lloc web als formularis. D\u2019acord amb la Llei Org\u00e0nica 3\/2018, de protecci\u00f3 de dades personals i garantia dels drets digitals, AUTOSUMINISTRES MOTOR S.A. es compromet al compliment de la seva obligaci\u00f3 de secret respecte de les dades de car\u00e0cter personal i al deure de tractar- les amb confidencialitat. A aquests efectes, adoptar\u00e0 les mesures necess\u00e0ries per evitar-ne l\u2019alteraci\u00f3, la p\u00e8rdua, el tractament o l\u2019acc\u00e9s no autoritzat. Les dades personals recollides no seran cedides a tercers sense el seu consentiment expr\u00e9s. L\u2019usuari que figuri a la base de dades podr\u00e0 exercir en tot moment els seus d\u2019acc\u00e9s, rectificaci\u00f3, supressi\u00f3, limitaci\u00f3 del tractament, a la portabilitat i d\u2019oposici\u00f3, mitjan\u00e7ant sol\u00b7licitud tramesa per correu ordinari, signada i acompanyada de fotoc\u00f2pia del DNI, a l\u2019adre\u00e7a d\u2019AUTOSUMINISTRES MOTOR<\/p><p class=\"MsoBodyText\" style=\"text-align: justify; line-height: 115%; margin: 0cm 6.05pt .0001pt 5.0pt;\">S.A. m\u00e9s amunt. Per aclarir algun aspecte relacionat amb la pol\u00edtica de privadesa d\u2019AUTOSUMINISTRES MOTOR S.A. en relaci\u00f3 als usuaris que visiten la nostra web, no dubteu a posar-vos en contacte amb nosaltres a trav\u00e9s de l\u2019adre\u00e7a de correu electr\u00f2nic: <a href=\"mailto:info@autosuministres.com\"><span style=\"color: windowtext; letter-spacing: -0.1pt;\">info@autosuministres.co<\/span><\/a>m<\/p>\t\t\t\t\t\t\t\t<\/div>\n\t\t\t\t<\/div>\n\t\t\t\t\t<\/div>\n\t\t<\/div>\n\t\t\t\t\t<\/div>\n\t\t<\/section>\n\t\t\t\t<\/div>\n\t\t","protected":false},"excerpt":{"rendered":"<p>POL\u00cdTICA DE PRIVACITAT AUTOSUMINISTRES MOTOR S.A. informa a continuaci\u00f3 de la seva pol\u00edtica de privadesa aplicada a les dades personals. D\u2019aquesta manera, totes les dades personals que tingui sota la seva responsabilitat seran tractades d\u2019acord amb la Llei 3\/2018 de 5 de desembre, de protecci\u00f3 de dades personals i garantia dels drets digitals, i es [&hellip;]<\/p>\n","protected":false},"author":1,"featured_media":0,"parent":0,"menu_order":0,"comment_status":"closed","ping_status":"closed","template":"","meta":{"footnotes":""},"class_list":["post-10765","page","type-page","status-publish","hentry"],"_links":{"self":[{"href":"https:\/\/autosuministres.com\/ca\/wp-json\/wp\/v2\/pages\/10765","targetHints":{"allow":["GET"]}}],"collection":[{"href":"https:\/\/autosuministres.com\/ca\/wp-json\/wp\/v2\/pages"}],"about":[{"href":"https:\/\/autosuministres.com\/ca\/wp-json\/wp\/v2\/types\/page"}],"author":[{"embeddable":true,"href":"https:\/\/autosuministres.com\/ca\/wp-json\/wp\/v2\/users\/1"}],"replies":[{"embeddable":true,"href":"https:\/\/autosuministres.com\/ca\/wp-json\/wp\/v2\/comments?post=10765"}],"version-history":[{"count":5,"href":"https:\/\/autosuministres.com\/ca\/wp-json\/wp\/v2\/pages\/10765\/revisions"}],"predecessor-version":[{"id":17221,"href":"https:\/\/autosuministres.com\/ca\/wp-json\/wp\/v2\/pages\/10765\/revisions\/17221"}],"wp:attachment":[{"href":"https:\/\/autosuministres.com\/ca\/wp-json\/wp\/v2\/media?parent=10765"}],"curies":[{"name":"wp","href":"https:\/\/api.w.org\/{rel}","templated":true}]}}