{"id":10764,"date":"2022-01-19T15:02:36","date_gmt":"2022-01-19T15:02:36","guid":{"rendered":"https:\/\/autosuministres.com\/politica-de-cookies\/"},"modified":"2023-09-22T09:39:36","modified_gmt":"2023-09-22T09:39:36","slug":"politica-de-cookies","status":"publish","type":"page","link":"https:\/\/autosuministres.com\/ca\/politica-de-cookies\/","title":{"rendered":"Pol\u00edtica de cookies"},"content":{"rendered":"\t\t<div data-elementor-type=\"wp-page\" data-elementor-id=\"10764\" class=\"elementor elementor-10764 elementor-149\" data-elementor-post-type=\"page\">\n\t\t\t\t\t\t<section data-dce-background-color=\"#000000\" class=\"elementor-section elementor-top-section elementor-element elementor-element-1df26e9 elementor-section-full_width elementor-section-height-default elementor-section-height-default\" data-id=\"1df26e9\" data-element_type=\"section\" data-e-type=\"section\" data-settings=\"{&quot;background_background&quot;:&quot;classic&quot;}\">\n\t\t\t\t\t\t<div class=\"elementor-container elementor-column-gap-default\">\n\t\t\t\t\t<div class=\"elementor-column elementor-col-100 elementor-top-column elementor-element elementor-element-f8b5d22\" data-id=\"f8b5d22\" data-element_type=\"column\" data-e-type=\"column\">\n\t\t\t<div class=\"elementor-widget-wrap elementor-element-populated\">\n\t\t\t\t\t\t<div class=\"elementor-element elementor-element-a88e4a1 elementor-widget elementor-widget-spacer\" data-id=\"a88e4a1\" data-element_type=\"widget\" data-e-type=\"widget\" data-widget_type=\"spacer.default\">\n\t\t\t\t<div class=\"elementor-widget-container\">\n\t\t\t\t\t\t\t<div class=\"elementor-spacer\">\n\t\t\t<div class=\"elementor-spacer-inner\"><\/div>\n\t\t<\/div>\n\t\t\t\t\t\t<\/div>\n\t\t\t\t<\/div>\n\t\t\t\t\t<\/div>\n\t\t<\/div>\n\t\t\t\t\t<\/div>\n\t\t<\/section>\n\t\t\t\t<section class=\"elementor-section elementor-top-section elementor-element elementor-element-09f3bfd elementor-section-boxed elementor-section-height-default elementor-section-height-default\" data-id=\"09f3bfd\" data-element_type=\"section\" data-e-type=\"section\">\n\t\t\t\t\t\t<div class=\"elementor-container elementor-column-gap-default\">\n\t\t\t\t\t<div class=\"elementor-column elementor-col-100 elementor-top-column elementor-element elementor-element-744e794\" data-id=\"744e794\" data-element_type=\"column\" data-e-type=\"column\">\n\t\t\t<div class=\"elementor-widget-wrap elementor-element-populated\">\n\t\t\t\t\t\t<div data-dce-title-color=\"#5EAE46\" class=\"elementor-element elementor-element-c9ff4d6 elementor-widget elementor-widget-heading\" data-id=\"c9ff4d6\" data-element_type=\"widget\" data-e-type=\"widget\" data-widget_type=\"heading.default\">\n\t\t\t\t<div class=\"elementor-widget-container\">\n\t\t\t\t\t<h2 class=\"elementor-heading-title elementor-size-default\">POL\u00cdTICA DE COOKIES<\/h2>\t\t\t\t<\/div>\n\t\t\t\t<\/div>\n\t\t\t\t<div class=\"elementor-element elementor-element-30839d1 elementor-widget elementor-widget-text-editor\" data-id=\"30839d1\" data-element_type=\"widget\" data-e-type=\"widget\" data-widget_type=\"text-editor.default\">\n\t\t\t\t<div class=\"elementor-widget-container\">\n\t\t\t\t\t\t\t\t\t<div><p style=\"margin-top: 0.3pt; text-align: justify;\"><span lang=\"ES\">De conformidad con la normativa espa\u00f1ola que regula el uso de cookies en relaci\u00f3n a la prestaci\u00f3n de Servicios de comunicaciones electr\u00f3nicas, recogida en el Real decreto ley 13\/2012, de 30 de<br \/>marzo, le informamos sobre las cookies, utilizadas en el sitio web de AUTOSUMINISTRES MOTOR (en adelante, el \u00abSitio Web\u00bb) y el motivo de su uso.<\/span><span style=\"color: var( --e-global-color-text );\">\u00a0<\/span><\/p><p style=\"margin-top: 0.3pt; text-align: justify;\"><span lang=\"ES\">Las cookies utilizadas en nuestro sitio web, son propias y de terceros, y nos permiten almacenar y acceder a informaci\u00f3n relativa al idioma, el tipo de navegador utilizado, y otras caracter\u00edsticas generales predefinidas por el usuario, as\u00ed como, seguir y analizar la actividad que llevas a cabo, con el objeto de introducir mejoras y prestar nuestros Servicios de una manera m\u00e1s eficiente y personalizada. ATUOSUMINISTRES MOTOR S.A. no utiliza cookies publicitarias o publicidad comportamental.<\/span><span style=\"color: var( --e-global-color-text );\">\u00a0<\/span><\/p><p style=\"margin-right: 5.85pt; text-align: justify; line-height: 16.1px;\"><span lang=\"ES\">La utilizaci\u00f3n de las cookies ofrece numerosas ventajas en la prestaci\u00f3n de Servicios de la Sociedad de la informaci\u00f3n, ya que, entre otros: (i) facilita al usuario la navegaci\u00f3n en el Sitio Web y el acceso a diferentes Servicios que ofrece; (ii) evita a los usuarios configurar las caracter\u00edsticas generales predefinidas cada vez que acceden al Sitio Web; (iii) favorece la mejora del funcionamiento y de los Servicios prestados a trav\u00e9s del Sitio Web, despu\u00e9s del correspondiente an\u00e1lisis de la informaci\u00f3n obtenida a trav\u00e9s de las cookies instaladas.<\/span><span style=\"color: var( --e-global-color-text );\">\u00a0<\/span><\/p><p style=\"margin-right: 5.85pt; text-align: justify; line-height: 16.1px;\"><span style=\"color: var( --e-global-color-text );\">Las cookies utilizadas en nuestro sitio web se conservar\u00e1n durante el periodo de 1 a\u00f1o, procediendo posteriormente a ser eliminadas.\u00a0<\/span><span style=\"color: var( --e-global-color-text );\">No obstante esto, puede\u00a0<\/span><span style=\"color: var( --e-global-color-text );\">configurar su navegador, aceptando o rechazando todas las galletas, o bien\u00a0<\/span><span style=\"color: var( --e-global-color-text );\">seleccion\u00e1ndolas, siguiendo uno de los siguientes procedimientos, dependiendo\u00a0<\/span><span style=\"color: var( --e-global-color-text );\">del navegador utilizado:<\/span><\/p><p style=\"margin-right: 5.85pt; text-align: justify; line-height: 16.1px;\"><span style=\"color: var( --e-global-color-text );\">\u00a0<\/span><\/p><p style=\"margin-right: 5.85pt; text-align: justify; line-height: 16.1px;\"><span style=\"color: var( --e-global-color-text );\">Google Chrome (en el Men\u00fa\u00a0<\/span><span style=\"color: var( --e-global-color-text );\">Herramientas)<\/span><\/p><p style=\"margin-right: 5.85pt; text-align: justify; line-height: 16.1px;\"><span style=\"color: var( --e-global-color-text );\">Configuraci\u00f3n &gt; Muestra\u00a0<\/span><span style=\"color: var( --e-global-color-text );\">opciones avanzadas &gt; Privacidad &gt; (Configuraci\u00f3n de contenido)&gt;\u00a0<\/span><span style=\"color: var( --e-global-color-text );\">Galletas<\/span><\/p><p style=\"margin-right: 5.85pt; text-align: justify; line-height: 16.1px;\"><span lang=\"ES\" style=\"color: var( --e-global-color-text );\">M\u00e1s informaci\u00f3n:\u00a0<\/span><a style=\"background-color: #ffffff;\" href=\"https:\/\/support.google.com\/chrome\/answer\/95647?hl=es\" target=\"_blank\" rel=\"noopener\"><span style=\"color: #0462c1;\">https:\/\/support.google.com\/chrome\/answer\/95647?hl=es<\/span><\/a><\/p><p style=\"margin-right: 5.85pt; text-align: justify; line-height: 16.1px;\"><span style=\"color: var( --e-global-color-text );\">\u00a0<\/span><\/p><p style=\"margin-right: 5.85pt; text-align: justify; line-height: 16.1px;\"><span style=\"color: var( --e-global-color-text );\">Microsoft Internet Explorer (en el Men\u00fa Herramientas)<\/span><\/p><p style=\"margin-right: 5.85pt; text-align: justify; line-height: 16.1px;\"><span style=\"color: var( --e-global-color-text );\">Opciones de Internet&gt;Privacidad&gt; Avanzada<\/span><\/p><p style=\"margin-right: 5.85pt; text-align: justify; line-height: 16.1px;\"><span lang=\"ES\" style=\"color: var( --e-global-color-text );\">M\u00e1s informaci\u00f3n:\u00a0<\/span><a style=\"background-color: #ffffff;\" href=\"http:\/\/windows.microsoft.com\/es-es\/internet-explorer\/delete-manage-cookies#ie%3Die-9\" target=\"_blank\" rel=\"noopener\"><span style=\"color: #0462c1;\">http:\/\/windows.microsoft.com\/es-es\/internet-explorer\/delete-manage-<\/span><\/a><span style=\"color: #0462c1;\">\u00a0<\/span><a style=\"background-color: #ffffff;\" href=\"http:\/\/windows.microsoft.com\/es-es\/internet-explorer\/delete-manage-cookies#ie%3Die-9\" target=\"_blank\" rel=\"noopener\"><span style=\"color: #0462c1; letter-spacing: -0.1pt;\">cookies#ie=ie-9<\/span><\/a><\/p><p style=\"margin-right: 5.85pt; text-align: justify; line-height: 16.1px;\"><span style=\"color: var( --e-global-color-text );\">\u00a0<\/span><\/p><p style=\"margin-right: 5.85pt; text-align: justify; line-height: 16.1px;\"><span style=\"color: var( --e-global-color-text );\">Firefox:<\/span><\/p><p style=\"margin-right: 5.85pt; text-align: justify; line-height: 16.1px;\"><span style=\"color: var( --e-global-color-text );\">Opciones &gt; Privacidad&gt;<\/span><span style=\"color: var( --e-global-color-text );\">Galletas<\/span><\/p><p style=\"margin-right: 5.85pt; text-align: justify; line-height: 16.1px;\"><span lang=\"ES\" style=\"color: var( --e-global-color-text );\">M\u00e1s informaci\u00f3n:\u00a0<\/span><a style=\"background-color: #ffffff;\" href=\"http:\/\/support.mozilla.org\/es\/kb\/habilitar-y-deshabilitar-cookies-que-los-sitios-we\" target=\"_blank\" rel=\"noopener\"><span style=\"color: #0462c1;\">http:\/\/support.mozilla.org\/es\/kb\/habilitar-y-deshabilitar-cookies-que-los-<\/span><\/a><span style=\"color: #0462c1;\">\u00a0<\/span><a style=\"background-color: #ffffff;\" href=\"http:\/\/support.mozilla.org\/es\/kb\/habilitar-y-deshabilitar-cookies-que-los-sitios-we\" target=\"_blank\" rel=\"noopener\"><span style=\"color: #0462c1; letter-spacing: -0.1pt;\">sitios-we<\/span><\/a><\/p><p style=\"margin-right: 5.85pt; text-align: justify; line-height: 16.1px;\"><span style=\"color: var( --e-global-color-text );\">\u00a0<\/span><\/p><p style=\"margin-right: 5.85pt; text-align: justify; line-height: 16.1px;\"><span style=\"color: var( --e-global-color-text );\">Safari, iPad y iPhone<\/span><\/p><p style=\"margin-right: 5.85pt; text-align: justify; line-height: 16.1px;\"><span lang=\"ES\">Preferencias &gt; Privacidad<\/span><\/p><p style=\"margin-right: 5.85pt; text-align: justify; line-height: 16.1px;\"><span lang=\"ES\" style=\"color: var( --e-global-color-text );\">M\u00e1s informaci\u00f3n:\u00a0<\/span><a style=\"background-color: #ffffff;\" href=\"http:\/\/www.apple.com\/es\/privacy\/use-of-cookies\/\" target=\"_blank\" rel=\"noopener\"><span style=\"color: #0462c1; letter-spacing: -0.1pt;\">http:\/\/www.apple.com\/es\/privacy\/use-of-cookies\/<\/span><\/a><\/p><p style=\"margin-right: 5.85pt; text-align: justify; line-height: 16.1px;\"><span style=\"color: var( --e-global-color-text );\">\u00a0<\/span><\/p><p style=\"margin-right: 5.85pt; text-align: justify; line-height: 16.1px;\"><span style=\"color: var( --e-global-color-text );\">Opera:\u00a0<\/span><\/p><p style=\"margin-right: 5.85pt; text-align: justify; line-height: 16.1px;\"><span style=\"color: var( --e-global-color-text );\">Configuraci\u00f3n&gt;Opciones<\/span><span style=\"color: var( --e-global-color-text );\">&gt; Avanzado &gt; Galletas<\/span><\/p><p style=\"margin-right: 5.85pt; text-align: justify; line-height: 16.1px;\"><span lang=\"ES\">M\u00e1s informaci\u00f3n:\u00a0<\/span><a href=\"http:\/\/help.opera.com\/Linux\/10.60\/es-ES\/cookies.html\" target=\"_blank\" rel=\"noopener\"><span style=\"color: #0462c1; letter-spacing: -0.1pt;\">http:\/\/help.opera.com\/Linux\/10.60\/es-ES\/cookies.html<\/span><\/a><u><\/u><\/p><p style=\"margin-right: 5.85pt; text-align: justify; line-height: 16.1px;\"><span style=\"color: var( --e-global-color-text );\">\u00a0<\/span><\/p><p style=\"margin-right: 5.85pt; text-align: justify; line-height: 16.1px;\"><span style=\"color: var( --e-global-color-text );\">AUTOSUMINISTRES<\/span><span style=\"color: var( --e-global-color-text ); letter-spacing: -0.4pt;\">\u00a0<\/span><span style=\"color: var( --e-global-color-text );\">MOTOR<\/span><span style=\"color: var( --e-global-color-text ); letter-spacing: -0.35pt;\">\u00a0<\/span><span style=\"color: var( --e-global-color-text );\">S.A.<\/span><span style=\"color: var( --e-global-color-text ); letter-spacing: -0.35pt;\">\u00a0<\/span><span style=\"color: var( --e-global-color-text );\">utiliza\u00a0<\/span><span style=\"color: var( --e-global-color-text );\">en su<\/span><span style=\"color: var( --e-global-color-text ); letter-spacing: -0.35pt;\">\u00a0<\/span><span style=\"color: var( --e-global-color-text );\">p\u00e1gina<\/span><span style=\"color: var( --e-global-color-text ); letter-spacing: -0.35pt;\">\u00a0<\/span><span style=\"color: var( --e-global-color-text ); letter-spacing: -0.2pt;\">web:<\/span><\/p><table><tbody><tr><td width=\"189\"><p><strong>Cookie<\/strong><\/p><\/td><td width=\"102\"><p><strong>Nombre<\/strong><\/p><\/td><td width=\"136\"><p><strong>Finalidad<\/strong><\/p><\/td><td width=\"174\"><p><strong>M\u00e1s informaci\u00f3n<\/strong><\/p><\/td><\/tr><tr><td width=\"189\"><p>politica_cookies_accept ada<\/p><\/td><td width=\"102\"><p>T\u00e9cnica<\/p><\/td><td width=\"136\"><p>Se utiliza para conocer si acepta las cookies para no volver a mostrar el mensaje.<\/p><\/td><td width=\"174\"><p><a href=\"https:\/\/autosuministres.com\/contacto\/\">info@autosuministres.<\/a> com<\/p><\/td><\/tr><tr><td width=\"189\"><p>ci_session<\/p><\/td><td width=\"102\"><p>T\u00e9cnica<\/p><\/td><td width=\"136\"><p>Se utiliza para identificar cada usuario que accede en la web.<\/p><\/td><td width=\"174\"><p><a href=\"https:\/\/autosuministres.com\/contacto\/\">info@autosuministres.<\/a> com<\/p><\/td><\/tr><\/tbody><\/table><table><tbody><tr><td width=\"189\"><p>Google Analytics<\/p><\/td><td width=\"102\"><p><u>\u00a0 <\/u>utma<\/p><\/td><td width=\"136\"><p>Esta cookie mantiene un registro del nombre de veces que un usuario ha estado en un lugar, cuando fue su primera visita y cuando se produjo su \u00faltima visita.<\/p><\/td><td width=\"174\"><p>\u2013\u00a0\u00a0 <a href=\"http:\/\/www.google.es\/intl\/es\/policies\/privacy\/\" target=\"_blank\" rel=\"noopener\">Centro de privacidad<\/a> <a href=\"http:\/\/www.google.es\/intl\/es\/policies\/privacy\/\" target=\"_blank\" rel=\"noopener\">de Google<\/a><\/p><p>\u2013\u00a0\u00a0 <a href=\"https:\/\/tools.google.com\/dlpage\/gaoptout?hl=es\" target=\"_blank\" rel=\"noopener\">Complemento de<\/a> <a href=\"https:\/\/tools.google.com\/dlpage\/gaoptout?hl=es\" target=\"_blank\" rel=\"noopener\">inhabilitaci\u00f3n de<\/a> <a href=\"https:\/\/tools.google.com\/dlpage\/gaoptout?hl=es\" target=\"_blank\" rel=\"noopener\">Google Analytics<\/a><\/p><\/td><\/tr><\/tbody><\/table><p style=\"margin-right: 5.85pt; text-align: justify; line-height: 16.1px;\"><span style=\"color: var( --e-global-color-text ); letter-spacing: -0.2pt;\">\u00a0<\/span><\/p><table><tbody><tr><td width=\"189\"><p>Google Analytics<\/p><\/td><td width=\"96\"><p><u>\u00a0 <\/u>utmb<\/p><\/td><td width=\"132\"><p>Esta cookie ayuda a calcular cu\u00e1nto tiempo dura la visita de un usuario almacenando el momento en el que entr\u00f3.<\/p><\/td><td width=\"183\"><p>\u2013\u00a0\u00a0 <a href=\"http:\/\/www.google.es\/intl\/es\/policies\/privacy\/\" target=\"_blank\" rel=\"noopener\">Centro de privacidad<\/a> <a href=\"http:\/\/www.google.es\/intl\/es\/policies\/privacy\/\" target=\"_blank\" rel=\"noopener\">de Google<\/a><\/p><p>\u2013\u00a0\u00a0 <a href=\"https:\/\/tools.google.com\/dlpage\/gaoptout?hl=es\" target=\"_blank\" rel=\"noopener\">Complemento de<\/a> <a href=\"https:\/\/tools.google.com\/dlpage\/gaoptout?hl=es\" target=\"_blank\" rel=\"noopener\">inhabilitaci\u00f3n de<\/a> <a href=\"https:\/\/tools.google.com\/dlpage\/gaoptout?hl=es\" target=\"_blank\" rel=\"noopener\">Google Analytics<\/a><\/p><\/td><\/tr><tr><td width=\"189\"><p>Google Analytics<\/p><\/td><td width=\"96\"><p><u>\u00a0 <\/u>utmc<\/p><\/td><td width=\"132\"><p>Esta cookie ayuda a calcular cu\u00e1nto tiempo dura la visita de un usuario, almacenando el momento en que sale de la p\u00e1gina.<\/p><\/td><td width=\"183\"><p>\u2013\u00a0\u00a0 <a href=\"http:\/\/www.google.es\/intl\/es\/policies\/privacy\/\" target=\"_blank\" rel=\"noopener\">Centro de privacidad<\/a> <a href=\"http:\/\/www.google.es\/intl\/es\/policies\/privacy\/\" target=\"_blank\" rel=\"noopener\">de Google<\/a><\/p><p>\u2013\u00a0\u00a0 <a href=\"https:\/\/tools.google.com\/dlpage\/gaoptout?hl=es\" target=\"_blank\" rel=\"noopener\">Complemento de<\/a> <a href=\"https:\/\/tools.google.com\/dlpage\/gaoptout?hl=es\" target=\"_blank\" rel=\"noopener\">inhabilitaci\u00f3n de<\/a> <a href=\"https:\/\/tools.google.com\/dlpage\/gaoptout?hl=es\" target=\"_blank\" rel=\"noopener\">Google Analytics<\/a><\/p><\/td><\/tr><\/tbody><\/table><table><tbody><tr><td width=\"189\"><p>Google Analytics<\/p><\/td><td width=\"96\"><p><u>\u00a0 <\/u>utmz<\/p><\/td><td width=\"132\"><p>Esta cookie mantiene un seguimiento de donde proviene el visitante, qu\u00e9 motor de b\u00fasqueda se utiliz\u00f3, en qu\u00e9 enlaces hizo clic, qu\u00e9 palabras clave utiliza y desde qu\u00e9 lugar del mundo se accedi\u00f3 a la p\u00e1gina.<\/p><\/td><td width=\"183\"><p>\u2013\u00a0\u00a0 <a href=\"http:\/\/www.google.es\/intl\/es\/policies\/privacy\/\" target=\"_blank\" rel=\"noopener\">Centro de privacidad<\/a> <a href=\"http:\/\/www.google.es\/intl\/es\/policies\/privacy\/\" target=\"_blank\" rel=\"noopener\">de Google<\/a><\/p><p>\u2013\u00a0\u00a0 <a href=\"https:\/\/tools.google.com\/dlpage\/gaoptout?hl=es\" target=\"_blank\" rel=\"noopener\">Complemento de<\/a> <a href=\"https:\/\/tools.google.com\/dlpage\/gaoptout?hl=es\" target=\"_blank\" rel=\"noopener\">inhabilitaci\u00f3n de<\/a> <a href=\"https:\/\/tools.google.com\/dlpage\/gaoptout?hl=es\" target=\"_blank\" rel=\"noopener\">Google Analytics<\/a><\/p><\/td><\/tr><\/tbody><\/table><table><tbody><tr><td width=\"189\"><p>Google Analytics<\/p><\/td><td width=\"102\"><p><u>\u00a0 <\/u>utmli<\/p><\/td><td width=\"127\"><p>Estas galletas de Google Analytics generan un identificador de usuario an\u00f3nimo, que es el que se utiliza para hacer el recuento de cu\u00e1ntas veces visita el lugar un usuario. Tambi\u00e9n registra cuando fue la primera i la \u00faltima vez que visit\u00f3 la web. As\u00ed mismo, calcula cuando se acaba una sesi\u00f3n, origen del usuario y keywords.<\/p><\/td><td width=\"183\"><p>\u2013\u00a0\u00a0 <a href=\"http:\/\/www.google.es\/intl\/es\/policies\/privacy\/\" target=\"_blank\" rel=\"noopener\">Centro de privacidad<\/a> <a href=\"http:\/\/www.google.es\/intl\/es\/policies\/privacy\/\" target=\"_blank\" rel=\"noopener\">de Google<\/a><\/p><p>\u2013\u00a0\u00a0 <a href=\"https:\/\/tools.google.com\/dlpage\/gaoptout?hl=es\" target=\"_blank\" rel=\"noopener\">Complemento de<\/a> <a href=\"https:\/\/tools.google.com\/dlpage\/gaoptout?hl=es\" target=\"_blank\" rel=\"noopener\">inhabilitaci\u00f3n de<\/a> <a href=\"https:\/\/tools.google.com\/dlpage\/gaoptout?hl=es\" target=\"_blank\" rel=\"noopener\">Google Analytics<\/a><\/p><\/td><\/tr><\/tbody><\/table><p style=\"margin-right: 5.85pt; text-align: justify; line-height: 16.1px;\"><span style=\"color: var( --e-global-color-text ); letter-spacing: -0.2pt;\">\u00a0<\/span><\/p><table><tbody><tr><td width=\"189\"><p>YouTube<\/p><\/td><td width=\"102\"><p>Visitor_Inf o1<\/p><p>_Live<\/p><\/td><td width=\"127\"><p>Su prop\u00f3sito es caluclar el ancho de banda del usuario.<\/p><\/td><td width=\"183\"><p><a href=\"http:\/\/www.youtube.com\/static?gl=ES&amp;template=terms&amp;hl=es\" target=\"_blank\" rel=\"noopener\">-Pol\u00edtica de privacidad<\/a><\/p><\/td><\/tr><\/tbody><\/table><table><tbody><tr><td width=\"189\"><p>YouTube<\/p><\/td><td width=\"102\"><p>Use_ hitbox<\/p><\/td><td width=\"127\"><p>Su prop\u00f3sito es incrementar el contador de visitas de usuarios a un determinado v\u00eddeo de YouTube.<\/p><\/td><td width=\"183\"><p><a href=\"http:\/\/www.youtube.com\/static?gl=ES&amp;template=terms&amp;hl=es\" target=\"_blank\" rel=\"noopener\">-Pol\u00edtica de privacidad<\/a><\/p><\/td><\/tr><tr><td width=\"189\"><p>YouTube<\/p><\/td><td width=\"102\"><p>PREF<\/p><\/td><td width=\"127\"><p>Su finalidad es guardar las preferencias de sesi\u00f3n sobre la actividad de visionado durante la navegaci\u00f3n del usuario. Estas cookies no almacenan informaci\u00f3n que nos permita identificar al usuario.<\/p><\/td><td width=\"183\"><p><a href=\"http:\/\/www.youtube.com\/static?gl=ES&amp;template=terms&amp;hl=es\" target=\"_blank\" rel=\"noopener\">-Pol\u00edtica de privacidad<\/a><\/p><\/td><\/tr><\/tbody><\/table><p style=\"margin-right: 5.85pt; text-align: justify; line-height: 16.1px;\"><span style=\"color: var( --e-global-color-text ); letter-spacing: -0.2pt;\">\u00a0<\/span><span style=\"color: var( --e-global-color-text );\">En<\/span><span style=\"color: var( --e-global-color-text ); letter-spacing: -0.3pt;\">\u00a0<\/span><span style=\"color: var( --e-global-color-text );\">otros sitios de\u00a0<\/span><span style=\"color: var( --e-global-color-text );\">AUTOSUMINISTRES<\/span> <span style=\"color: var( --e-global-color-text );\">MOTOR<\/span> <span style=\"color: var( --e-global-color-text );\">S.A.<\/span> <span style=\"color: var( --e-global-color-text );\">se instalan galletas de terceros a todos sus visitantes, aunque no sean usuarios registrados en las correspondientes plataformas:<\/span><\/p><ul><li>AUTOSUMINISTRES MOTOR S.A.<u>\u00a0en Facebook<\/u>. <em>Cookies<\/em>: datr, reg_fb_gate y reg_fb_ref. Sus finalidades est\u00e1n descritas en la\u00a0<a href=\"https:\/\/www.facebook.com\/help\/cookies\" target=\"_blank\" rel=\"noopener\">P\u00e1gina de Cookies de Facebook<\/a>.<\/li><li>AUTOSUMINISTRES MOTOR S.A.<u>\u00a0en LinkedIn<\/u>. <em>Cookies<\/em>: JSESSIONID, visit, bcookie, S-LI-IDC, L1e, X-LI-IDC, _qca, RT, <u><\/u>utma, <u>\u00a0<\/u>utmb, <u>\u00a0<\/u>utmc, <u>\u00a0<\/u>utmz,\u00a0<u style=\"color: var( --e-global-color-text );\">\u00a0\u00a0<\/u><span style=\"color: var( --e-global-color-text );\">utmv, leo_auth_token, lang. Sus finalidades est\u00e1n descritas en la <\/span><a style=\"background-color: #ffffff;\" href=\"http:\/\/www.linkedin.com\/legal\/cookie-policy?trk=hb_ft_cookie\" target=\"_blank\" rel=\"noopener\">P\u00e1gina de<\/a> <a style=\"background-color: #ffffff;\" href=\"http:\/\/www.linkedin.com\/legal\/cookie-policy?trk=hb_ft_cookie\" target=\"_blank\" rel=\"noopener\">Cookies de Linked<\/a>in.<\/li><\/ul><\/div>\t\t\t\t\t\t\t\t<\/div>\n\t\t\t\t<\/div>\n\t\t\t\t\t<\/div>\n\t\t<\/div>\n\t\t\t\t\t<\/div>\n\t\t<\/section>\n\t\t\t\t<\/div>\n\t\t","protected":false},"excerpt":{"rendered":"<p>POL\u00cdTICA DE COOKIES De conformidad con la normativa espa\u00f1ola que regula el uso de cookies en relaci\u00f3n a la prestaci\u00f3n de Servicios de comunicaciones electr\u00f3nicas, recogida en el Real decreto ley 13\/2012, de 30 demarzo, le informamos sobre las cookies, utilizadas en el sitio web de AUTOSUMINISTRES MOTOR (en adelante, el \u00abSitio Web\u00bb) y el [&hellip;]<\/p>\n","protected":false},"author":1,"featured_media":0,"parent":0,"menu_order":0,"comment_status":"closed","ping_status":"closed","template":"","meta":{"footnotes":""},"class_list":["post-10764","page","type-page","status-publish","hentry"],"_links":{"self":[{"href":"https:\/\/autosuministres.com\/ca\/wp-json\/wp\/v2\/pages\/10764","targetHints":{"allow":["GET"]}}],"collection":[{"href":"https:\/\/autosuministres.com\/ca\/wp-json\/wp\/v2\/pages"}],"about":[{"href":"https:\/\/autosuministres.com\/ca\/wp-json\/wp\/v2\/types\/page"}],"author":[{"embeddable":true,"href":"https:\/\/autosuministres.com\/ca\/wp-json\/wp\/v2\/users\/1"}],"replies":[{"embeddable":true,"href":"https:\/\/autosuministres.com\/ca\/wp-json\/wp\/v2\/comments?post=10764"}],"version-history":[{"count":5,"href":"https:\/\/autosuministres.com\/ca\/wp-json\/wp\/v2\/pages\/10764\/revisions"}],"predecessor-version":[{"id":18026,"href":"https:\/\/autosuministres.com\/ca\/wp-json\/wp\/v2\/pages\/10764\/revisions\/18026"}],"wp:attachment":[{"href":"https:\/\/autosuministres.com\/ca\/wp-json\/wp\/v2\/media?parent=10764"}],"curies":[{"name":"wp","href":"https:\/\/api.w.org\/{rel}","templated":true}]}}