{"id":10763,"date":"2022-01-19T14:54:07","date_gmt":"2022-01-19T14:54:07","guid":{"rendered":"https:\/\/autosuministres.com\/aviso-legal\/"},"modified":"2023-09-12T11:04:49","modified_gmt":"2023-09-12T11:04:49","slug":"aviso-legal","status":"publish","type":"page","link":"https:\/\/autosuministres.com\/ca\/aviso-legal\/","title":{"rendered":"Av\u00eds Legal"},"content":{"rendered":"\t\t<div data-elementor-type=\"wp-page\" data-elementor-id=\"10763\" class=\"elementor elementor-10763\" data-elementor-post-type=\"page\">\n\t\t\t\t\t\t<section class=\"elementor-section elementor-top-section elementor-element elementor-element-1a9cf19 elementor-section-full_width elementor-section-height-default elementor-section-height-default\" data-id=\"1a9cf19\" data-element_type=\"section\" data-e-type=\"section\">\n\t\t\t\t\t\t<div class=\"elementor-container elementor-column-gap-default\">\n\t\t\t\t\t<div class=\"elementor-column elementor-col-100 elementor-top-column elementor-element elementor-element-77d678f\" data-id=\"77d678f\" data-element_type=\"column\" data-e-type=\"column\">\n\t\t\t<div class=\"elementor-widget-wrap elementor-element-populated\">\n\t\t\t\t\t\t<div data-dce-advanced-background-color=\"#000000\" class=\"elementor-element elementor-element-9c55b4b elementor-widget__width-inherit elementor-widget elementor-widget-spacer\" data-id=\"9c55b4b\" data-element_type=\"widget\" data-e-type=\"widget\" data-widget_type=\"spacer.default\">\n\t\t\t\t<div class=\"elementor-widget-container\">\n\t\t\t\t\t\t\t<div class=\"elementor-spacer\">\n\t\t\t<div class=\"elementor-spacer-inner\"><\/div>\n\t\t<\/div>\n\t\t\t\t\t\t<\/div>\n\t\t\t\t<\/div>\n\t\t\t\t\t<\/div>\n\t\t<\/div>\n\t\t\t\t\t<\/div>\n\t\t<\/section>\n\t\t\t\t<section class=\"elementor-section elementor-top-section elementor-element elementor-element-8532826 elementor-section-boxed elementor-section-height-default elementor-section-height-default\" data-id=\"8532826\" data-element_type=\"section\" data-e-type=\"section\">\n\t\t\t\t\t\t<div class=\"elementor-container elementor-column-gap-default\">\n\t\t\t\t\t<div class=\"elementor-column elementor-col-100 elementor-top-column elementor-element elementor-element-382cae0\" data-id=\"382cae0\" data-element_type=\"column\" data-e-type=\"column\">\n\t\t\t<div class=\"elementor-widget-wrap elementor-element-populated\">\n\t\t\t\t\t\t<div class=\"elementor-element elementor-element-f2c7b29 elementor-widget elementor-widget-heading\" data-id=\"f2c7b29\" data-element_type=\"widget\" data-e-type=\"widget\" data-widget_type=\"heading.default\">\n\t\t\t\t<div class=\"elementor-widget-container\">\n\t\t\t\t\t<h2 class=\"elementor-heading-title elementor-size-default\">AVISO LEGAL<\/h2>\t\t\t\t<\/div>\n\t\t\t\t<\/div>\n\t\t\t\t<div class=\"elementor-element elementor-element-0009ffd elementor-widget elementor-widget-text-editor\" data-id=\"0009ffd\" data-element_type=\"widget\" data-e-type=\"widget\" data-widget_type=\"text-editor.default\">\n\t\t\t\t<div class=\"elementor-widget-container\">\n\t\t\t\t\t\t\t\t\t<p><strong><span style=\"color: var( --e-global-color-text );\">Av\u00eds legal &#8211; Condicions d&#8217;\u00fas<\/span><\/strong><\/p>\n<p><span style=\"color: var( --e-global-color-text );\">El present av\u00eds legal recull les condicions generals que regeixen l&#8217;acc\u00e9s i l&#8217;\u00fas de la p\u00e0gina web, <\/span><a style=\"background-color: #ffffff;\" href=\"https:\/\/autosuministres.com\/ca\"><span style=\"color: windowtext;\">www.autosuministres.com<\/span><\/a><\/p>\n<p><b>DADES DE <span style=\"letter-spacing: -.1pt;\">L&#8217;EMPRESA<\/span><\/b><\/p>\n<p>En compliment de l&#8217;article 10 de la Llei 34\/2002, de 11 de juliol, de Serveis de la Societat de la Informaci\u00f3 i Comer\u00e7 Electr\u00f2nic, a continuaci\u00f3 s&#8217;exposen les dades identificatives de <span style=\"letter-spacing: -.1pt;\">l&#8217;empresa.<\/span><span style=\"font-size: 15.5pt; color: var( --e-global-color-text );\">&nbsp;<\/span>Nom: AUTOSUMINISTRES MOTOR S.A. Denominaci\u00f3: AUTOSUMINISTRES MOTOR S.A. NIF \/ CIF: A-08257214Domicili Social: C\/ del Blat 1-3 08503 Gurb (Barcelona) Tel\u00e8fon: 93 883 29 27Adre\u00e7a de correu electr\u00f2nic:&nbsp;<a href=\"mailto:info@autosuministres.com\"><span style=\"color: windowtext; letter-spacing: -.1pt;\">info@autosuministres.com<\/span><\/a><span style=\"font-size: 13pt; color: var( --e-global-color-text );\">&nbsp;<\/span>AUTOSUMINISTRES MOTOR S.A. Es troba inscrita en el Registre Mercantil de&nbsp;<span style=\"letter-spacing: -.1pt;\">Barcelona.<\/span><\/p>\n<p><span style=\"color: var( --e-global-color-text );\"><b>CONDICIONS <\/b><\/span><span style=\"color: var( --e-global-color-text ); letter-spacing: -0.1pt;\"><b>GENERALS<\/b><\/span><\/p>\n<p><span style=\"color: var( --e-global-color-text );\">L&#8217;acc\u00e9s i \u00fas del lloc web implica l&#8217;expressa i plena acceptaci\u00f3 d&#8217;aquestes condicions generals en la versi\u00f3 publicada en el moment en qu\u00e8 l&#8217;usuari accedeix, sense perjudici de les condicions particulars que feia pudor aplicar-se en alguns dels serveis concrets del lloc web. L&#8217;usuari accepta que l&#8217;acc\u00e9s a aquest lloc web i dels continguts inclosos en el mateix, t\u00e9 lloc lliure i conscientment, sota la seva exclusiva responsabilitat. Els usuaris accedeixen a la p\u00e0gina web de forma lliure i gratu\u00efta, encara que AUTOSUMINISTRES MOTOR S.A. es reserva el dret de limitar l\u2019 acc\u00e9s per a determinats continguts o serveis, exigint el registre de&nbsp;<\/span><span style=\"color: var( --e-global-color-text );\">sobre dades pr\u00e8viament a l&#8217;acc\u00e9s. AUTOSUMINISTRES MOTOR S.A. es reserva&nbsp;<\/span><span style=\"color: var( --e-global-color-text );\">el dret a modificar en qualsevol moment la presentaci\u00f3, configuraci\u00f3 i&nbsp;<\/span><span style=\"color: var( --e-global-color-text );\">localitzaci\u00f3 del lloc web, aix\u00ed com els Continguts, serveis i les condicions&nbsp;<\/span><span style=\"color: var( --e-global-color-text );\">requerides per utilitzar els mateixos. Quan el consideri oportuns o amb la&nbsp;<\/span><span style=\"color: var( --e-global-color-text );\">finalitat d&#8217;adequar-se als canvis legislatius i tecnol\u00f2gics futurs . Aquestes&nbsp;<\/span><span style=\"color: var( --e-global-color-text );\">modificacions seran v\u00e0lides des de la publicaci\u00f3 en el lloc web.&nbsp;<\/span><span style=\"color: var( --e-global-color-text );\">AUTOSUMINISTRES MOTOR S.A. es reserva el dret a interrompre l&#8217;acc\u00e9s al present&nbsp;<\/span><span style=\"color: var( --e-global-color-text );\">lloc web en qualsevol moment i sense previ av\u00eds, ja sigui per motius t\u00e8cnics,&nbsp;<\/span><span style=\"color: var( --e-global-color-text );\">de seguretat, de control, de manteniment, per fallades de subministraments&nbsp;<\/span><span style=\"color: var( --e-global-color-text );\">el\u00e8ctric, o per qualsevol altra causa. Aquesta interrupci\u00f3 podr\u00e0 tenir car\u00e0cter&nbsp;<\/span><span style=\"color: var( --e-global-color-text );\">temporal o definitiu, en aquest cas es comunicar\u00e0 tal circumst\u00e0ncia als&nbsp;<\/span><span style=\"color: var( --e-global-color-text );\">usuaris, sense donar lloc a cap indemnitzaci\u00f3. AUTOSUMINISTRES MOTOR S.A. es va&nbsp;<\/span><span style=\"color: var( --e-global-color-text );\">comprometre a no remetre comunicacions comercials sense identificar-se,&nbsp;<\/span><span style=\"color: var( --e-global-color-text );\">conforme al que disposen la Llei 34\/2002 de Serveis de la Societat<\/span> <span style=\"color: var( --e-global-color-text );\">de<\/span> <span style=\"color: var( --e-global-color-text );\">la<\/span> <span style=\"color: var( --e-global-color-text );\">Informaci\u00f3<\/span> <span style=\"color: var( --e-global-color-text );\">i<\/span> <span style=\"color: var( --e-global-color-text );\">de<\/span> <span style=\"color: var( --e-global-color-text );\">comer\u00e7&nbsp;<\/span><span style=\"color: var( --e-global-color-text );\">electr\u00f2nic.<\/span> <span style=\"color: var( --e-global-color-text );\">A<\/span> <span style=\"color: var( --e-global-color-text );\">aquests&nbsp;<\/span><span style=\"color: var( --e-global-color-text );\">efectes<\/span> <span style=\"color: var( --e-global-color-text );\">no<\/span> <span style=\"color: var( --e-global-color-text );\">ser\u00e0<\/span> <span style=\"color: var( --e-global-color-text );\">considerada<\/span> <span style=\"color: var( --e-global-color-text );\">com comunicaci\u00f3<\/span> <span style=\"color: var( --e-global-color-text );\">comercial<\/span> <span style=\"color: var( --e-global-color-text );\">tota<\/span> <span style=\"color: var( --e-global-color-text );\">la<\/span> <span style=\"color: var( --e-global-color-text );\">informaci\u00f3<\/span> <span style=\"color: var( --e-global-color-text );\">que<\/span> <span style=\"color: var( --e-global-color-text );\">s&#8217;envi\u00ef<\/span> <span style=\"color: var( --e-global-color-text );\">als<\/span> <span style=\"color: var( --e-global-color-text );\">clients<\/span> <span style=\"color: var( --e-global-color-text );\">en<\/span> <span style=\"color: var( --e-global-color-text );\">nom<\/span> <span style=\"color: var( --e-global-color-text );\">de<\/span> <span style=\"color: var( --e-global-color-text );\">l&#8217;empresa<\/span> <span style=\"color: var( --e-global-color-text );\">sempre que tingui per finalitat el&nbsp;<\/span><span style=\"color: var( --e-global-color-text );\">manteniment de la relaci\u00f3 contractual existent entre client i l&#8217;empresa, aix\u00ed&nbsp;<\/span><span style=\"color: var( --e-global-color-text );\">com l&#8217;acompliment de les tasques d&#8217;informaci\u00f3, formaci\u00f3 i altres activitats&nbsp;<\/span><span style=\"color: var( --e-global-color-text );\">pr\u00f2pies dels serveis que el client t\u00e9 contractats amb l&#8217;empresa.<\/span><\/p>\n<p><\/p>\n<p><span style=\"color: var( --e-global-color-text );\"><b>AV\u00cdS DE <\/b><\/span><span style=\"color: var( --e-global-color-text ); letter-spacing: -0.1pt;\"><b>COPYRIGHT<\/b><\/span><\/p>\n<p>AUTOSUMINISTRES MOTOR S.A. t\u00e9 la titularitat de el present lloc web. Tots els drets de propietat industrial i intel\u00b7lectual sobre aquest portal d&#8217;Internet estan legalment reservats, de manera que l&#8217;acc\u00e9s o la seva utilitzaci\u00f3, per part de l&#8217;usuari, no ha de considerar-se, de cap manera, com l&#8217;atorgament de cap llic\u00e8ncia d&#8217;\u00fas o dret sobre qualsevol actiu. Els usuaris del lloc web \u00fanicament podran realitzar un \u00fas privat, personal o professional dels continguts d&#8217;aquest. Est\u00e0 absolutament prohibit, l&#8217;\u00fas del lloc web o d&#8217;algun dels seus elements amb fins comercials o il\u00b7l\u00edcits. No es podran realitzar actes de reproducci\u00f3, modificaci\u00f3,<br>distribuci\u00f3 o comunicaci\u00f3 p\u00fablica del lloc web sense el previ consentiment per escrit de AUTOSUMINISTRES MOTOR S.A. Queda prohibida la reproducci\u00f3 dels continguts del lloc web, llevat que estigui perm\u00e8s legalment i es citi la proced\u00e8ncia. En aquells casos en qu\u00e8 es produeixi la necess\u00e0ria autoritzaci\u00f3 pr\u00e8via per escrit, aquesta autoritzaci\u00f3 substituir\u00e0 la&nbsp;prohibici\u00f3 general abans esmentada i citar\u00e0 clarament les possibles restriccions d&#8217;\u00fas. AUTOSUMINISTRES MOTOR S.A. no assumir\u00e0 cap responsabilitat derivada de l&#8217;\u00fas per tercers del contingut del lloc web i podr\u00e0 exercitar totes les accions civils o penals que li corresponguin en cas d&#8217;infracci\u00f3 d&#8217;aquests drets per part de l&#8217;usuari.<\/p>\n<p><b><span style=\"color: var( --e-global-color-text );\">CL\u00c0USULA D&#8217;EXEMPCI\u00d3 DE <\/span><span style=\"color: var( --e-global-color-text ); letter-spacing: -0.1pt;\">RESPONSABILITAT<\/span><\/b><\/p>\n<p>Els continguts incorporats en aquest lloc web han estat elaborats en tot moment de bona fe amb el prop\u00f2sit de donar informaci\u00f3 als usuaris, de manera que AUTOSUMINISTRES MOTOR S.A. no assumeix cap tipus de responsabilitat respecte a la integritat o exactitud de&nbsp;<span style=\"color: var( --e-global-color-text );\">l&#8217;esmentada<\/span> <span style=\"color: var( --e-global-color-text );\">informaci\u00f3<\/span> <span style=\"color: var( --e-global-color-text );\">ni<\/span> <span style=\"color: var( --e-global-color-text );\">garanteix<\/span> <span style=\"color: var( --e-global-color-text );\">l&#8217;exactitud<\/span> <span style=\"color: var( --e-global-color-text );\">ni<\/span> <span style=\"color: var( --e-global-color-text );\">l&#8217;actualitzaci\u00f3<\/span> <span style=\"color: var( --e-global-color-text );\">de<\/span> <span style=\"color: var( --e-global-color-text );\">la<\/span> <span style=\"color: var( --e-global-color-text );\">informaci\u00f3<\/span> <span style=\"color: var( --e-global-color-text );\">que<\/span> <span style=\"color: var( --e-global-color-text );\">es<\/span> <span style=\"color: var( --e-global-color-text );\">pugui obtenir d&#8217;aquest, la qual podr\u00e0 ser&nbsp;<\/span><span style=\"color: var( --e-global-color-text );\">modificada sense previ av\u00eds. Tampoc es responsabilitza dels eventuals errors&nbsp;<\/span><span style=\"color: var( --e-global-color-text );\">tipogr\u00e0fics, formals o num\u00e8rics que pugui contenir el lloc web. AUTOSUMINISTRES<\/span> <span style=\"color: var( --e-global-color-text );\">MOTOR S.A.<\/span> <span style=\"color: var( --e-global-color-text );\">no es<\/span> <span style=\"color: var( --e-global-color-text );\">responsabilitza<\/span> <span style=\"color: var( --e-global-color-text );\">del<\/span> <span style=\"color: var( --e-global-color-text );\">mal&nbsp;<\/span><span style=\"color: var( --e-global-color-text );\">\u00fas<\/span> <span style=\"color: var( --e-global-color-text );\">que<\/span> <span style=\"color: var( --e-global-color-text );\">els<\/span> <span style=\"color: var( --e-global-color-text );\">usuaris<\/span> <span style=\"color: var( --e-global-color-text );\">puguin fer del lloc web.<\/span><\/p>\n<p><\/p>\n<p><b><span style=\"font-size: 15.5pt; mso-bidi-font-size: 13.5pt;\">&nbsp;<\/span><span style=\"color: var( --e-global-color-text ); font-size: 13.5pt;\">1.<span style=\"font-variant-numeric: normal; font-variant-east-asian: normal; font-stretch: normal; font-size: 7pt; line-height: normal; font-family: 'Times New Roman';\">&nbsp; <\/span><\/span><span style=\"color: var( --e-global-color-text ); font-size: 13.5pt;\">Responsabilitat pel funcionament del lloc <span style=\"letter-spacing: -.2pt;\">web<\/span><\/span><\/b><\/p>\n<p>AUTOSUMINISTRES MOTOR S.A. intentar\u00e0 reduir al m\u00ednim els problemes ocasionats per errors de car\u00e0cter t\u00e8cnic, podr\u00e0 procedir a la suspensi\u00f3 temporal dels serveis i continguts del lloc web per efectuar operacions de manteniment, millora o reparaci\u00f3 dels mateixos, sense que aix\u00f2 origini indemnitzaci\u00f3 a l&#8217;usuari per aquests conceptes . S&#8217;adverteix que alguna informaci\u00f3 continguda en aquest web pot haver estat creada o recollida en arxius o formats no exempts d&#8217;errors, pel que no es pot garantir que el servei no quedi interromput o afectat per aquests problemes. AUTOSUMINISTRES MOTOR S.A. no assumeix cap responsabilitat respecte dels danys que poguessin ocasionar a l&#8217;usuari a resultes de la consulta d&#8217;aquesta p\u00e0gina web, o d&#8217;aquelles altres externes objecte de reexpedici\u00f3.<br>AUTOSUMINISTRES MOTOR S.A. no ser\u00e0 responsable en cas que existeixin interrupcions de servei, o mal funcionament d&#8217;aquest que tinguin l&#8217;origen en sup\u00f2sits de cas fortu\u00eft, for\u00e7a major o altres causes que escapen del seu control.<\/p>\n<p><span style=\"font-size: 15.5pt; mso-bidi-font-size: 13.5pt;\">&nbsp;<\/span><b><span style=\"color: var( --e-global-color-text ); font-size: 13.5pt;\">2.<span style=\"font-variant-numeric: normal; font-variant-east-asian: normal; font-stretch: normal; font-size: 7pt; line-height: normal; font-family: 'Times New Roman';\">&nbsp; <\/span><\/span><span style=\"color: var( --e-global-color-text ); font-size: 13.5pt;\">Responsabilitat per l&#8217;\u00fas <span style=\"letter-spacing: -.1pt;\">d&#8217;enlla\u00e7os<\/span><\/span><\/b><span style=\"color: var( --e-global-color-text ); font-size: 17pt;\">&nbsp;<\/span><\/p>\n<p>AUTOSUMINISTRES MOTOR, S.A. no assumeix cap responsabilitat derivada de l&#8217;exist\u00e8ncia d&#8217;enlla\u00e7os entre els continguts d&#8217;aquest lloc i continguts situats fora del mateix, o de qualsevol altra menci\u00f3 de continguts externs a aquest lloc. En cas que AUTOSUMINISTRES MOTOR&nbsp;<span style=\"color: var( --e-global-color-text );\">S.A. constati per algun mitj\u00e0 la il\u00b7licitud de la p\u00e0gina web, o que&nbsp;<\/span><span style=\"color: var( --e-global-color-text );\">lesiona b\u00e9ns o drets de tercers susceptibles d&#8217;indemnitzaci\u00f3, l&#8217;empresa <\/span><span style=\"color: var( --e-global-color-text );\">suprimir\u00e0 o inutilitzar\u00e0 aquest enlla\u00e7. La pres\u00e8ncia<\/span> <span style=\"color: var( --e-global-color-text );\">d&#8217;altres<\/span> <span style=\"color: var( --e-global-color-text );\">enlla\u00e7os<\/span> <span style=\"color: var( --e-global-color-text );\">al<\/span> <span style=\"color: var( --e-global-color-text );\">lloc<\/span> <span style=\"color: var( --e-global-color-text );\">web<\/span> <span style=\"color: var( --e-global-color-text );\">t\u00e9<\/span> <span style=\"color: var( --e-global-color-text );\">una<\/span> <span style=\"color: var( --e-global-color-text );\">finalitat<\/span> <span style=\"color: var( --e-global-color-text );\">merament&nbsp;<\/span><span style=\"color: var( --e-global-color-text );\">informativa,<\/span> <span style=\"color: var( --e-global-color-text );\">no<\/span> <span style=\"color: var( --e-global-color-text );\">constituint<\/span> <span style=\"color: var( --e-global-color-text );\">en cap<\/span> <span style=\"color: var( --e-global-color-text );\">cas<\/span> <span style=\"color: var( --e-global-color-text );\">una<\/span> <span style=\"color: var( --e-global-color-text );\">invitaci\u00f3<\/span> <span style=\"color: var( --e-global-color-text );\">o<\/span> <span style=\"color: var( --e-global-color-text );\">recomanaci\u00f3<\/span> <span style=\"color: var( --e-global-color-text );\">a<\/span> <span style=\"color: var( --e-global-color-text );\">la<\/span> <span style=\"color: var( --e-global-color-text );\">contractaci\u00f3<\/span> <span style=\"color: var( --e-global-color-text );\">de<\/span> <span style=\"color: var( --e-global-color-text );\">productes<\/span> <span style=\"color: var( --e-global-color-text );\">o<\/span> <span style=\"color: var( --e-global-color-text );\">serveis<\/span> <span style=\"color: var( --e-global-color-text );\">que<\/span> <span style=\"color: var( --e-global-color-text );\">s&#8217;ofereixin&nbsp;<\/span><span style=\"color: var( --e-global-color-text );\">en el lloc d&#8217;Internet de destinaci\u00f3, i en cap cas impliquen el suport a les&nbsp;<\/span><span style=\"color: var( --e-global-color-text );\">persones o entitats autores d&#8217;aquests continguts o titulars dels llocs on es&nbsp;<\/span><span style=\"color: var( --e-global-color-text );\">trobin. D&#8217;aquesta manera AUTOSUMINISTRES MOTOR S.A. no es responsabilitza el <\/span><span style=\"color: var( --e-global-color-text );\">contingut i disponibilitat dels llocs<\/span> <span style=\"color: var( --e-global-color-text );\">web<\/span> <span style=\"color: var( --e-global-color-text );\">als<\/span> <span style=\"color: var( --e-global-color-text );\">que<\/span> <span style=\"color: var( --e-global-color-text );\">enlla\u00e7a&nbsp;<\/span><span style=\"color: var( --e-global-color-text );\">fora<\/span> <span style=\"color: var( --e-global-color-text );\">de<\/span> <span style=\"color: var( --e-global-color-text );\">la<\/span> <span style=\"color: var( --e-global-color-text );\">seva<\/span> <span style=\"color: var( --e-global-color-text );\">p\u00e0gina, <\/span><span style=\"color: var( --e-global-color-text );\">de<\/span> <span style=\"color: var( --e-global-color-text );\">qualsevol<\/span> <span style=\"color: var( --e-global-color-text );\">dany<\/span> <span style=\"color: var( --e-global-color-text );\">o<\/span> <span style=\"color: var( --e-global-color-text );\">p\u00e8rdua<\/span> <span style=\"color: var( --e-global-color-text );\">que<\/span> <span style=\"color: var( --e-global-color-text );\">pugui<\/span> <span style=\"color: var( --e-global-color-text );\">sorgir&nbsp;<\/span><span style=\"color: var( --e-global-color-text );\">per la connexi\u00f3 o per l&#8217;\u00fas de qualsevol contingut, producte o servei disponible&nbsp;<\/span><span style=\"color: var( --e-global-color-text );\">en els llocs web als quals es dirigeixin els enlla\u00e7os.<\/span><\/p>\n<p><\/p>\n<p><span style=\"font-size: 11.0pt; line-height: 115%; font-family: 'Arial Narrow',sans-serif; mso-fareast-font-family: 'Arial Narrow'; mso-bidi-font-family: 'Arial Narrow'; mso-ansi-language: CA; mso-fareast-language: EN-US; mso-bidi-language: AR-SA;\">&nbsp;<\/span><span style=\"color: var( --e-global-color-text );\">El presente aviso legal recoge las condiciones generales que rigen el acceso y el uso del sitio web, <\/span><a style=\"background-color: #ffffff;\" href=\"https:\/\/autosuministres.com\/es\"><span style=\"color: windowtext;\">www.autosuministres.com<\/span><\/a><\/p>\t\t\t\t\t\t\t\t<\/div>\n\t\t\t\t<\/div>\n\t\t\t\t\t<\/div>\n\t\t<\/div>\n\t\t\t\t\t<\/div>\n\t\t<\/section>\n\t\t\t\t<\/div>\n\t\t","protected":false},"excerpt":{"rendered":"<p>AVISO LEGAL Av\u00eds legal &#8211; Condicions d&#8217;\u00fas El present av\u00eds legal recull les condicions generals que regeixen l&#8217;acc\u00e9s i l&#8217;\u00fas de la p\u00e0gina web, www.autosuministres.com DADES DE L&#8217;EMPRESA En compliment de l&#8217;article 10 de la Llei 34\/2002, de 11 de juliol, de Serveis de la Societat de la Informaci\u00f3 i Comer\u00e7 Electr\u00f2nic, a continuaci\u00f3 s&#8217;exposen [&hellip;]<\/p>\n","protected":false},"author":1,"featured_media":0,"parent":0,"menu_order":0,"comment_status":"closed","ping_status":"closed","template":"","meta":{"footnotes":""},"class_list":["post-10763","page","type-page","status-publish","hentry"],"_links":{"self":[{"href":"https:\/\/autosuministres.com\/ca\/wp-json\/wp\/v2\/pages\/10763","targetHints":{"allow":["GET"]}}],"collection":[{"href":"https:\/\/autosuministres.com\/ca\/wp-json\/wp\/v2\/pages"}],"about":[{"href":"https:\/\/autosuministres.com\/ca\/wp-json\/wp\/v2\/types\/page"}],"author":[{"embeddable":true,"href":"https:\/\/autosuministres.com\/ca\/wp-json\/wp\/v2\/users\/1"}],"replies":[{"embeddable":true,"href":"https:\/\/autosuministres.com\/ca\/wp-json\/wp\/v2\/comments?post=10763"}],"version-history":[{"count":2,"href":"https:\/\/autosuministres.com\/ca\/wp-json\/wp\/v2\/pages\/10763\/revisions"}],"predecessor-version":[{"id":17718,"href":"https:\/\/autosuministres.com\/ca\/wp-json\/wp\/v2\/pages\/10763\/revisions\/17718"}],"wp:attachment":[{"href":"https:\/\/autosuministres.com\/ca\/wp-json\/wp\/v2\/media?parent=10763"}],"curies":[{"name":"wp","href":"https:\/\/api.w.org\/{rel}","templated":true}]}}